{"id":961,"date":"2024-01-03T10:16:47","date_gmt":"2024-01-03T15:16:47","guid":{"rendered":"https:\/\/newpath.ca\/?page_id=961"},"modified":"2025-12-24T10:38:25","modified_gmt":"2025-12-24T15:38:25","slug":"get-involved","status":"publish","type":"page","link":"https:\/\/newpath.ca\/fr\/get-involved\/","title":{"rendered":"Get Involved"},"content":{"rendered":"<div class=\"wpb-content-wrapper\"><p>[vc_row css=\u00a0\u00bb.vc_custom_1702653806412{background-image: url(https:\/\/newpath.ca\/wp-content\/uploads\/BG.jpg?id=28) !important;background-position: center !important;background-repeat: no-repeat !important;background-size: cover !important;}\u00a0\u00bb][vc_column el_class=\u00a0\u00bbwidth-container text-white text-center py-5 py-lg-6&Prime;][vc_row_inner][vc_column_inner offset=\u00a0\u00bbvc_col-md-offset-1 vc_col-md-10&Prime;][vc_column_text]<\/p>\n<h1>Have an Impact and Help Create Positive Change<\/h1>\n<p>[\/vc_column_text][vc_column_text css=\u00a0\u00bb.vc_custom_1705673977440{margin-bottom: 0px !important;}\u00a0\u00bb]At New Path, there are many opportunities for getting involved, having an impact, and helping to create positive change for children, youth, their families and caregivers in Simcoe County. Below are ways that you can get involved in improving mental health services and systems for our community.[\/vc_column_text][\/vc_column_inner][\/vc_row_inner][\/vc_column][\/vc_row][vc_row css=\u00a0\u00bb.vc_custom_1702492445812{background-image: url(https:\/\/newpath.ca\/wp-content\/uploads\/green-background.jpg?id=157) !important;background-position: center !important;background-repeat: no-repeat !important;background-size: cover !important;}\u00a0\u00bb el_class=\u00a0\u00bbpy-5 py-lg-6&Prime;][vc_column el_class=\u00a0\u00bbwidth-container\u00a0\u00bb][vc_row_inner equal_height=\u00a0\u00bbyes\u00a0\u00bb gap=\u00a0\u00bb25&Prime;][vc_column_inner offset=\u00a0\u00bbvc_col-md-6&Prime;]\r\n<div class=\"cta-wrapper border-orange\">\r\n\t<div class=\"cta-box white-mode\">\r\n\t\t<div class=\"cta-box-content p-3\">\r\n\t\t\t<div>\r\n\t\t\t\t\t\t\t\t<h3 class=\"mb-0 py-3 seo-h4\">Family Opportunities<\/h3>\r\n\t\t\t\t<p class=\"mb-3\">We provide families with a safe space and supported opportunities to share their expertise and knowledge. By getting involved, families can help create meaningful change that enhances mental health services at New Path.<\/p>\r\n\t\t\t<\/div>\r\n\t\t\t\r\n\t\t\t\t\t\t\t<div><a class=\"btn\" href=\"\/get-involved\/family-opportunities\/\" target=\"_self\">Explore Family Opportunities<\/a><\/div>\r\n\t\t\t\t\t\t\t\t\t\r\n\t\t<\/div>\r\n\r\n\t<\/div>\r\n<\/div>\r\n[\/vc_column_inner][vc_column_inner offset=\u00a0\u00bbvc_col-md-6&Prime;]\r\n<div class=\"cta-wrapper border-mint\">\r\n\t<div class=\"cta-box white-mode\">\r\n\t\t<div class=\"cta-box-content p-3\">\r\n\t\t\t<div>\r\n\t\t\t\t\t\t\t\t<h3 class=\"mb-0 py-3 seo-h4\">Youth Opportunities<\/h3>\r\n\t\t\t\t<p class=\"mb-3\">Through a process called youth engagement, we work together with youth to ensure that youth voice is part of everything we do. Through this, youth can get involved, have an impact, and help create positive change for themselves as well as others.<\/p>\r\n\t\t\t<\/div>\r\n\t\t\t\r\n\t\t\t\t\t\t\t<div><a class=\"btn\" href=\"\/services\/youth\/\" target=\"_self\">Explore Supports for Youth<\/a><\/div>\r\n\t\t\t\t\t\t\t\t\t\r\n\t\t<\/div>\r\n\r\n\t<\/div>\r\n<\/div>\r\n[\/vc_column_inner][\/vc_row_inner][vc_row_inner equal_height=\u00a0\u00bbyes\u00a0\u00bb gap=\u00a0\u00bb25&Prime;][vc_column_inner offset=\u00a0\u00bbvc_col-md-6&Prime;]\r\n<div class=\"cta-wrapper border-blue\">\r\n\t<div class=\"cta-box white-mode\">\r\n\t\t<div class=\"cta-box-content p-3\">\r\n\t\t\t<div>\r\n\t\t\t\t\t\t\t\t<h3 class=\"mb-0 py-3 seo-h4\">Join Our Team<\/h3>\r\n\t\t\t\t<p class=\"mb-3\">Working, learning and volunteering with New Path allows you to have an Impact and Help Create Positive Change for children and youth, their families and caregivers in our community.<\/p>\r\n\t\t\t<\/div>\r\n\t\t\t\r\n\t\t\t\t\t\t\t<div><a class=\"btn\" href=\"\/careers-student-placements\/\" target=\"_self\">Careers and Student Placements<\/a><\/div>\r\n\t\t\t\t\t\t\t\t\t\t\t<div><a class=\"btn mt-3\" href=\"\/get-involved\/join-our-board\/\" target=\"_self\">Join Our Board<\/a><\/div>\r\n\t\t\t\t\t\t\r\n\t\t<\/div>\r\n\r\n\t<\/div>\r\n<\/div>\r\n[\/vc_column_inner][vc_column_inner offset=\u00a0\u00bbvc_col-md-6&Prime;]\r\n<div class=\"cta-wrapper border-forest\">\r\n\t<div class=\"cta-box white-mode\">\r\n\t\t<div class=\"cta-box-content p-3\">\r\n\t\t\t<div>\r\n\t\t\t\t\t\t\t\t<h3 class=\"mb-0 py-3 seo-h4\">Donner<\/h3>\r\n\t\t\t\t<p class=\"mb-3\">Join our community of fabulous donors, helping to ensure that free and accessible child and youth mental health services are available for children, youth and their families in Simcoe County when and where they need them.<\/p>\r\n\t\t\t<\/div>\r\n\t\t\t\r\n\t\t\t\t\t\t\t<div><a class=\"btn\" href=\"https:\/\/www.canadahelps.org\/en\/dn\/62435?v2=true\" target=\"_blank\">Donate Now<\/a><\/div>\r\n\t\t\t\t\t\t\t\t\t\r\n\t\t<\/div>\r\n\r\n\t<\/div>\r\n<\/div>\r\n[\/vc_column_inner][\/vc_row_inner][\/vc_column][\/vc_row][vc_row el_class=\u00a0\u00bbwidth-container py-5 py-lg-6 d-lg-flex\u00a0\u00bb][vc_column el_class=\u00a0\u00bbpr-lg-5 d-center\u00a0\u00bb offset=\u00a0\u00bbvc_col-md-6&Prime;][vc_single_image image=\u00a0\u00bb312&Prime; img_size=\u00a0\u00bbfull\u00a0\u00bb alignment=\u00a0\u00bbcenter\u00a0\u00bb css=\u00a0\u00bb.vc_custom_1704295328002{margin-bottom: 0px !important;}\u00a0\u00bb el_class=\u00a0\u00bbmax-450&Prime;][\/vc_column][vc_column el_class=\u00a0\u00bbpl-lg-5 pt-5 pt-lg-0 d-center\u00a0\u00bb offset=\u00a0\u00bbvc_col-md-6&Prime;][vc_column_text css=\u00a0\u00bb\u00a0\u00bb]<\/p>\n<h2>Parce que la sant\u00e9 mentale ne peut pas attendre<\/h2>\n<p>[\/vc_column_text][vc_column_text css=\u00a0\u00bb\u00a0\u00bb]New Path offre une gamme de services de sant\u00e9 mentale pour les enfants, les jeunes, les familles et les soignants, en anglais et en fran\u00e7ais. Nous travaillerons avec vous pour r\u00e9pondre \u00e0 vos questions, vous guider \u00e0 travers les services disponibles et vous mettre en contact avec le soutien de la communaut\u00e9 qui r\u00e9pond le mieux \u00e0 vos besoins.[\/vc_column_text]\r\n<a id=\"\" class=\"btn btn-green\"  href=\"\/services\/\" target=\"_self\"  > Services <\/a>\r\n<a id=\"\" class=\"btn btn-green\"  href=\"https:\/\/newpath.ca\/fr\/qui-sommes-nous\/\" target=\"_self\"  > Qui sommes-nous <\/a>\r\n<a id=\"\" class=\"btn btn-green mr-0\"  href=\"\/book-now\/\" target=\"_self\"  > Prendre rendez-vous <\/a>[\/vc_column][\/vc_row]<\/p>\n<\/div>","protected":false},"excerpt":{"rendered":"<p>[vc_row css=\u00a0\u00bb.vc_custom_1702653806412{background-image: url(https:\/\/newpath.ca\/wp-content\/uploads\/BG.jpg?id=28) !important;background-position: center !important;background-repeat: no-repeat !important;background-size: cover !important;}\u00a0\u00bb][vc_column el_class=\u00a0\u00bbwidth-container text-white text-center py-5 py-lg-6&Prime;][vc_row_inner][vc_column_inner offset=\u00a0\u00bbvc_col-md-offset-1 vc_col-md-10&Prime;][vc_column_text] Have an Impact and Help Create Positive Change [\/vc_column_text][vc_column_text css=\u00a0\u00bb.vc_custom_1705673977440{margin-bottom: 0px !important;}\u00a0\u00bb]At New Path, there are many opportunities&#8230;<\/p>\n","protected":false},"author":2,"featured_media":0,"parent":0,"menu_order":0,"comment_status":"closed","ping_status":"closed","template":"","meta":{"om_disable_all_campaigns":false,"_monsterinsights_skip_tracking":false,"_monsterinsights_sitenote_active":false,"_monsterinsights_sitenote_note":"","_monsterinsights_sitenote_category":0,"_uf_show_specific_survey":0,"_uf_disable_surveys":false,"site-sidebar-layout":"no-sidebar","site-content-layout":"plain-container","ast-site-content-layout":"full-width-container","site-content-style":"default","site-sidebar-style":"default","ast-global-header-display":"","ast-banner-title-visibility":"","ast-main-header-display":"","ast-hfb-above-header-display":"","ast-hfb-below-header-display":"","ast-hfb-mobile-header-display":"","site-post-title":"disabled","ast-breadcrumbs-content":"","ast-featured-img":"disabled","footer-sml-layout":"","ast-disable-related-posts":"","theme-transparent-header-meta":"default","adv-header-id-meta":"","stick-header-meta":"default","header-above-stick-meta":"","header-main-stick-meta":"","header-below-stick-meta":"","astra-migrate-meta-layouts":"set","ast-page-background-enabled":"default","ast-page-background-meta":{"desktop":{"background-color":"var(--ast-global-color-4)","background-image":"","background-repeat":"repeat","background-position":"center center","background-size":"auto","background-attachment":"scroll","background-type":"","background-media":"","overlay-type":"","overlay-color":"","overlay-opacity":"","overlay-gradient":""},"tablet":{"background-color":"","background-image":"","background-repeat":"repeat","background-position":"center center","background-size":"auto","background-attachment":"scroll","background-type":"","background-media":"","overlay-type":"","overlay-color":"","overlay-opacity":"","overlay-gradient":""},"mobile":{"background-color":"","background-image":"","background-repeat":"repeat","background-position":"center center","background-size":"auto","background-attachment":"scroll","background-type":"","background-media":"","overlay-type":"","overlay-color":"","overlay-opacity":"","overlay-gradient":""}},"ast-content-background-meta":{"desktop":{"background-color":"var(--ast-global-color-5)","background-image":"","background-repeat":"repeat","background-position":"center center","background-size":"auto","background-attachment":"scroll","background-type":"","background-media":"","overlay-type":"","overlay-color":"","overlay-opacity":"","overlay-gradient":""},"tablet":{"background-color":"var(--ast-global-color-5)","background-image":"","background-repeat":"repeat","background-position":"center center","background-size":"auto","background-attachment":"scroll","background-type":"","background-media":"","overlay-type":"","overlay-color":"","overlay-opacity":"","overlay-gradient":""},"mobile":{"background-color":"var(--ast-global-color-5)","background-image":"","background-repeat":"repeat","background-position":"center center","background-size":"auto","background-attachment":"scroll","background-type":"","background-media":"","overlay-type":"","overlay-color":"","overlay-opacity":"","overlay-gradient":""}},"footnotes":""},"class_list":["post-961","page","type-page","status-publish","hentry"],"aioseo_notices":[],"_links":{"self":[{"href":"https:\/\/newpath.ca\/fr\/wp-json\/wp\/v2\/pages\/961","targetHints":{"allow":["GET"]}}],"collection":[{"href":"https:\/\/newpath.ca\/fr\/wp-json\/wp\/v2\/pages"}],"about":[{"href":"https:\/\/newpath.ca\/fr\/wp-json\/wp\/v2\/types\/page"}],"author":[{"embeddable":true,"href":"https:\/\/newpath.ca\/fr\/wp-json\/wp\/v2\/users\/2"}],"replies":[{"embeddable":true,"href":"https:\/\/newpath.ca\/fr\/wp-json\/wp\/v2\/comments?post=961"}],"version-history":[{"count":5,"href":"https:\/\/newpath.ca\/fr\/wp-json\/wp\/v2\/pages\/961\/revisions"}],"predecessor-version":[{"id":5642,"href":"https:\/\/newpath.ca\/fr\/wp-json\/wp\/v2\/pages\/961\/revisions\/5642"}],"wp:attachment":[{"href":"https:\/\/newpath.ca\/fr\/wp-json\/wp\/v2\/media?parent=961"}],"curies":[{"name":"wp","href":"https:\/\/api.w.org\/{rel}","templated":true}]}}