{"id":631,"date":"2023-12-19T13:03:47","date_gmt":"2023-12-19T18:03:47","guid":{"rendered":"https:\/\/newpath.ca\/?page_id=631"},"modified":"2024-05-13T11:33:51","modified_gmt":"2024-05-13T15:33:51","slug":"virtual-counselling-tips","status":"publish","type":"page","link":"https:\/\/newpath.ca\/fr\/virtual-counselling-tips\/","title":{"rendered":"Conseils pour le counseling virtuel"},"content":{"rendered":"<div class=\"wpb-content-wrapper\"><p>[vc_row css=\u00a0\u00bb.vc_custom_1702653806412{background-image: url(https:\/\/newpath.ca\/wp-content\/uploads\/BG.jpg?id=28) !important;background-position: center !important;background-repeat: no-repeat !important;background-size: cover !important;}\u00a0\u00bb][vc_column el_class=\u00a0\u00bbwidth-container text-white text-center py-5 py-lg-6&Prime;][vc_row_inner][vc_column_inner offset=\u00a0\u00bbvc_col-md-offset-1 vc_col-md-10&Prime;][vc_column_text]<\/p>\n<h1>Conseils pour les clients et les familles concernant les s\u00e9ances virtuelles de counseling<\/h1>\n<p>[\/vc_column_text][vc_column_text css=\u00a0\u00bb.vc_custom_1715614178691{margin-bottom: 0px !important;}\u00a0\u00bb]Bienvenue! Nous sommes ravis de pouvoir vous connecter \u00e0 votre intervenant ou intervenante par vid\u00e9o, d\u2019une mani\u00e8re s\u00e9curis\u00e9e et priv\u00e9e, \u00e0 partir de votre ordinateur \u00e0 la maison, d\u2019une tablette ou d\u2019un t\u00e9l\u00e9phone intelligent gr\u00e2ce \u00e0 eVisite d\u2019OTNhub. Le R\u00e9seau T\u00e9l\u00e9m\u00e9decine Ontario (OTN) est gratuit; il permet la prestation de soins virtuels afin de faciliter l\u2019acc\u00e8s aux services de sant\u00e9 mentale.[\/vc_column_text][\/vc_column_inner][\/vc_row_inner][\/vc_column][\/vc_row][vc_row el_class=\u00a0\u00bbwidth-container pt-5 pt-lg-6&Prime;][vc_column][vc_row_inner][vc_column_inner offset=\u00a0\u00bbvc_col-md-offset-3 vc_col-md-6&Prime;][vc_column_text el_class=\u00a0\u00bbtext-center\u00a0\u00bb]<\/p>\n<h2>Avant le d\u00e9but des s\u00e9ances virtuelles, votre conseiller ou conseill\u00e8re passera en revue avec vous les renseignements suivants :<\/h2>\n<p>[\/vc_column_text][vc_column_text][\/vc_column_text][\/vc_column_inner][\/vc_row_inner][\/vc_column][\/vc_row][vc_row css=\u00a0\u00bb.vc_custom_1708439324606{background-image: url(https:\/\/newpath.ca\/wp-content\/uploads\/green-bg.png?id=2321) !important;background-position: center !important;background-repeat: no-repeat !important;background-size: cover !important;}\u00a0\u00bb el_class=\u00a0\u00bbbackground-top background-green\u00a0\u00bb][vc_column el_class=\u00a0\u00bbwidth-container py-5 py-lg-6&Prime;][vc_row_inner el_class=\u00a0\u00bbd-lg-flex\u00a0\u00bb][vc_column_inner el_class=\u00a0\u00bbpl-lg-5 d-center order-last\u00a0\u00bb offset=\u00a0\u00bbvc_col-md-6&Prime;][vc_single_image image=\u00a0\u00bb2180&Prime; img_size=\u00a0\u00bbfull\u00a0\u00bb alignment=\u00a0\u00bbcenter\u00a0\u00bb css=\u00a0\u00bb.vc_custom_1707922153743{margin-bottom: 0px !important;}\u00a0\u00bb el_class=\u00a0\u00bbmax-450&Prime;][\/vc_column_inner][vc_column_inner el_class=\u00a0\u00bbpr-lg-5 pt-5 pt-lg-0 d-center\u00a0\u00bb offset=\u00a0\u00bbvc_col-md-6&Prime;][vc_column_text]<\/p>\n<h2>Autres points dont il faut tenir compte \u00e0 chaque s\u00e9ance<\/h2>\n<p>[\/vc_column_text][vc_column_text]<\/p>\n<ul>\n<li>Assurez-vous qu\u2019il y a assez d\u2019\u00e9clairage pour qu\u2019on puisse bien vous voir par la cam\u00e9ra de votre appareil.<\/li>\n<li>Assurez-vous qu\u2019il n\u2019y a pas de lumi\u00e8res vives derri\u00e8re vous, car cela vous fera appara\u00eetre sombre \u00e0 l\u2019\u00e9cran.<\/li>\n<li>Positionnez-vous de mani\u00e8re \u00e0 vous situer au centre de l\u2019\u00e9cran.<\/li>\n<li>Posez votre appareil sur une surface stable pour que la cam\u00e9ra soit immobile durant la s\u00e9ance.<\/li>\n<li>Portez le m\u00eame type de v\u00eatements que vous porteriez lors d\u2019une s\u00e9ance au bureau.<\/li>\n<li>Ne consommez pas de substances avant ou durant la s\u00e9ance.<\/li>\n<li>Trouvez un endroit s\u00fbr et priv\u00e9 o\u00f9 participer \u00e0 votre s\u00e9ance.<\/li>\n<li>Pour \u00e9viter que les autres membres de votre m\u00e9nage entendent la conversation, songez \u00e0 utiliser des \u00e9couteurs.<\/li>\n<\/ul>\n<p>[\/vc_column_text]\r\n<a id=\"\" class=\"btn btn-blue\"  href=\"\/book-now\/\" target=\"_self\"  > Prenez rendez-vous <\/a>[\/vc_column_inner][\/vc_row_inner][\/vc_column][\/vc_row]<\/p>\n<\/div>","protected":false},"excerpt":{"rendered":"<p>[vc_row css=\u00a0\u00bb.vc_custom_1702653806412{background-image: url(https:\/\/newpath.ca\/wp-content\/uploads\/BG.jpg?id=28) !important;background-position: center !important;background-repeat: no-repeat !important;background-size: cover !important;}\u00a0\u00bb][vc_column el_class=\u00a0\u00bbwidth-container text-white text-center py-5 py-lg-6&Prime;][vc_row_inner][vc_column_inner offset=\u00a0\u00bbvc_col-md-offset-1 vc_col-md-10&Prime;][vc_column_text] Conseils pour les clients et les familles concernant les s\u00e9ances virtuelles de counseling [\/vc_column_text][vc_column_text css=\u00a0\u00bb.vc_custom_1715614178691{margin-bottom: 0px !important;}\u00a0\u00bb]Bienvenue! Nous&#8230;<\/p>\n","protected":false},"author":2,"featured_media":0,"parent":0,"menu_order":0,"comment_status":"closed","ping_status":"closed","template":"","meta":{"om_disable_all_campaigns":false,"_monsterinsights_skip_tracking":false,"_monsterinsights_sitenote_active":false,"_monsterinsights_sitenote_note":"","_monsterinsights_sitenote_category":0,"_uf_show_specific_survey":0,"_uf_disable_surveys":false,"site-sidebar-layout":"no-sidebar","site-content-layout":"plain-container","ast-site-content-layout":"full-width-container","site-content-style":"default","site-sidebar-style":"default","ast-global-header-display":"","ast-banner-title-visibility":"","ast-main-header-display":"","ast-hfb-above-header-display":"","ast-hfb-below-header-display":"","ast-hfb-mobile-header-display":"","site-post-title":"disabled","ast-breadcrumbs-content":"","ast-featured-img":"disabled","footer-sml-layout":"","ast-disable-related-posts":"","theme-transparent-header-meta":"default","adv-header-id-meta":"","stick-header-meta":"default","header-above-stick-meta":"","header-main-stick-meta":"","header-below-stick-meta":"","astra-migrate-meta-layouts":"set","ast-page-background-enabled":"default","ast-page-background-meta":{"desktop":{"background-color":"var(--ast-global-color-4)","background-image":"","background-repeat":"repeat","background-position":"center center","background-size":"auto","background-attachment":"scroll","background-type":"","background-media":"","overlay-type":"","overlay-color":"","overlay-opacity":"","overlay-gradient":""},"tablet":{"background-color":"","background-image":"","background-repeat":"repeat","background-position":"center center","background-size":"auto","background-attachment":"scroll","background-type":"","background-media":"","overlay-type":"","overlay-color":"","overlay-opacity":"","overlay-gradient":""},"mobile":{"background-color":"","background-image":"","background-repeat":"repeat","background-position":"center center","background-size":"auto","background-attachment":"scroll","background-type":"","background-media":"","overlay-type":"","overlay-color":"","overlay-opacity":"","overlay-gradient":""}},"ast-content-background-meta":{"desktop":{"background-color":"var(--ast-global-color-5)","background-image":"","background-repeat":"repeat","background-position":"center center","background-size":"auto","background-attachment":"scroll","background-type":"","background-media":"","overlay-type":"","overlay-color":"","overlay-opacity":"","overlay-gradient":""},"tablet":{"background-color":"var(--ast-global-color-5)","background-image":"","background-repeat":"repeat","background-position":"center center","background-size":"auto","background-attachment":"scroll","background-type":"","background-media":"","overlay-type":"","overlay-color":"","overlay-opacity":"","overlay-gradient":""},"mobile":{"background-color":"var(--ast-global-color-5)","background-image":"","background-repeat":"repeat","background-position":"center center","background-size":"auto","background-attachment":"scroll","background-type":"","background-media":"","overlay-type":"","overlay-color":"","overlay-opacity":"","overlay-gradient":""}},"footnotes":""},"class_list":["post-631","page","type-page","status-publish","hentry"],"aioseo_notices":[],"_links":{"self":[{"href":"https:\/\/newpath.ca\/fr\/wp-json\/wp\/v2\/pages\/631","targetHints":{"allow":["GET"]}}],"collection":[{"href":"https:\/\/newpath.ca\/fr\/wp-json\/wp\/v2\/pages"}],"about":[{"href":"https:\/\/newpath.ca\/fr\/wp-json\/wp\/v2\/types\/page"}],"author":[{"embeddable":true,"href":"https:\/\/newpath.ca\/fr\/wp-json\/wp\/v2\/users\/2"}],"replies":[{"embeddable":true,"href":"https:\/\/newpath.ca\/fr\/wp-json\/wp\/v2\/comments?post=631"}],"version-history":[{"count":5,"href":"https:\/\/newpath.ca\/fr\/wp-json\/wp\/v2\/pages\/631\/revisions"}],"predecessor-version":[{"id":2968,"href":"https:\/\/newpath.ca\/fr\/wp-json\/wp\/v2\/pages\/631\/revisions\/2968"}],"wp:attachment":[{"href":"https:\/\/newpath.ca\/fr\/wp-json\/wp\/v2\/media?parent=631"}],"curies":[{"name":"wp","href":"https:\/\/api.w.org\/{rel}","templated":true}]}}