{"id":626,"date":"2023-12-20T11:31:06","date_gmt":"2023-12-20T16:31:06","guid":{"rendered":"https:\/\/newpath.ca\/?page_id=626"},"modified":"2024-10-17T10:47:11","modified_gmt":"2024-10-17T14:47:11","slug":"services","status":"publish","type":"page","link":"https:\/\/newpath.ca\/fr\/services\/","title":{"rendered":"Services"},"content":{"rendered":"<div class=\"wpb-content-wrapper\"><p>[vc_row css=\u00a0\u00bb.vc_custom_1702653806412{background-image: url(https:\/\/newpath.ca\/wp-content\/uploads\/BG.jpg?id=28) !important;background-position: center !important;background-repeat: no-repeat !important;background-size: cover !important;}\u00a0\u00bb][vc_column el_class=\u00a0\u00bbwidth-container text-white text-center py-5 py-lg-6&Prime;][vc_row_inner][vc_column_inner offset=\u00a0\u00bbvc_col-md-offset-1 vc_col-md-10&Prime;][vc_column_text]<\/p>\n<h1>Soutien en sant\u00e9 mentale pour les enfants et les jeunes, leurs parents et leurs fournisseurs de soins<\/h1>\n<p>[\/vc_column_text][vc_column_text css=\u00a0\u00bb.vc_custom_1710461479725{margin-bottom: 0px !important;}\u00a0\u00bb]Disponible en personne, par t\u00e9l\u00e9phone ou en ligne en anglais et en fran\u00e7ais.<br \/>\nParce que la sant\u00e9 mentale ne peut pas attendre.[\/vc_column_text][\/vc_column_inner][\/vc_row_inner][\/vc_column][\/vc_row][vc_row el_class=\u00a0\u00bbwidth-container pt-5 pt-lg-6 d-lg-flex\u00a0\u00bb][vc_column el_class=\u00a0\u00bbpr-lg-5 d-center\u00a0\u00bb offset=\u00a0\u00bbvc_col-md-6&Prime;][vc_single_image image=\u00a0\u00bb464&Prime; img_size=\u00a0\u00bbfull\u00a0\u00bb alignment=\u00a0\u00bbcenter\u00a0\u00bb css=\u00a0\u00bb.vc_custom_1703090137312{margin-bottom: 0px !important;}\u00a0\u00bb el_class=\u00a0\u00bbmax-450&Prime;][\/vc_column][vc_column el_class=\u00a0\u00bbpl-lg-5 pt-5 pt-lg-0 d-center\u00a0\u00bb offset=\u00a0\u00bbvc_col-md-6&Prime;][vc_column_text]<\/p>\n<h2>Premiers pas avec les services gratuits de counseling en sant\u00e9 mentale de New Path<\/h2>\n<p>[\/vc_column_text][vc_column_text css=\u00a0\u00bb\u00a0\u00bb]Acc\u00e9dez \u00e0 un soutien psychologique gratuit en prenant rendez-vous par l\u2019interm\u00e9diaire de la Clinique de counseling \u00e0 acc\u00e8s rapide. Les rendez-vous sont disponibles en personne, par t\u00e9l\u00e9phone ou en ligne et peuvent \u00eatre pris jusqu\u2019\u00e0 deux semaines \u00e0 l\u2019avance et le jour m\u00eame. Veuillez nous appeler au <a class=\"underline\" href=\"tel:7057257656\">705-725-7656<\/a> ou nous envoyer un courriel \u00e0 l\u2019adresse suivante : <a class=\"underline\" href=\"mailto:info@newpath.ca\">info@newpath.ca<\/a>[\/vc_column_text]\r\n<a id=\"\" class=\"btn btn-green\"  href=\"https:\/\/search.caredove.com\/service\/26056\/request\" target=\"_self\"  > Prendre rendez-vous <\/a>[\/vc_column][\/vc_row][vc_row el_class=\u00a0\u00bbwidth-container py-5 py-lg-6 text-center\u00a0\u00bb css=\u00a0\u00bb.vc_custom_1729175060941{padding-bottom: 0px !important;}\u00a0\u00bb][vc_column offset=\u00a0\u00bbvc_col-md-offset-2 vc_col-md-8&Prime;][vc_column_text css=\u00a0\u00bb\u00a0\u00bb el_class=\u00a0\u00bbpx-lg-6&Prime;]<\/p>\n<h2>\u00c0 quoi s\u2019attendre chez New Path<\/h2>\n<p>[\/vc_column_text][vc_column_text css=\u00a0\u00bb.vc_custom_1729176427952{margin-bottom: 0px !important;}\u00a0\u00bb]<\/p>\n<div class=\"wpb_text_column wpb_content_element px-lg-6\">\n<div class=\"wpb_wrapper\"><\/div>\n<\/div>\n<div class=\"wpb_text_column wpb_content_element vc_custom_1725379499728\">\n<div class=\"wpb_wrapper\">\n<p>Si vous souhaitez obtenir plus d\u2019informations sur la fa\u00e7on de recevoir des services de notre agence et sur ce \u00e0 quoi vous pouvez vous attendre de notre part lors de votre participation, veuillez lire : <a class=\"underline\" href=\"https:\/\/newpath.ca\/fr\/what-to-expect\/\" target=\"_blank\" rel=\"noopener\">\u00c0 quoi s\u2019attendre en tant que client de New Path<\/a> pour en savoir plus.<\/p>\n<p>Vous pouvez \u00e9galement consulter <strong>notre livret client<\/strong>.<\/p>\n<\/div>\n<\/div>\n<p>[\/vc_column_text][\/vc_column][\/vc_row][vc_row el_class=\u00a0\u00bbwidth-container py-5 py-lg-6 text-center\u00a0\u00bb][vc_column offset=\u00a0\u00bbvc_col-md-offset-2 vc_col-md-8&Prime;][vc_column_text el_class=\u00a0\u00bbpx-lg-6&Prime;]<\/p>\n<h2>Nos Services<\/h2>\n<p>[\/vc_column_text][vc_column_text css=\u00a0\u00bb.vc_custom_1710461581466{margin-bottom: 0px !important;}\u00a0\u00bb]New Path offre une gamme de services de sant\u00e9 mentale aux enfants et aux jeunes, \u00e0 leurs parents et aux personnes qui s\u2019occupent d\u2019eux. Les services sont fournis \u00e0 l\u2019aide de diverses\u00a0<a class=\"underline\" href=\"\/evidence-based-modalities\/\">pratiques fond\u00e9es sur des donn\u00e9es probantes<\/a> pour aider les enfants et les jeunes \u00e0 g\u00e9rer leurs \u00e9motions afin d\u2019am\u00e9liorer leur qualit\u00e9 de vie.[\/vc_column_text][\/vc_column][\/vc_row][vc_row gap=\u00a0\u00bb25&Prime; equal_height=\u00a0\u00bbyes\u00a0\u00bb el_class=\u00a0\u00bbwidth-container\u00a0\u00bb][vc_column offset=\u00a0\u00bbvc_col-md-6&Prime;]\r\n<div class=\"cta-wrapper border-yellow\">\r\n\t<div class=\"cta-box dark-mode\">\r\n\t\t<div class=\"cta-box-content p-3\">\r\n\t\t\t<div>\r\n\t\t\t\t<img decoding=\"async\" src=\"https:\/\/newpath.ca\/wp-content\/uploads\/children.svg\" alt=\"Les Enfants\" >\t\t\t\t<h3 class=\"mb-0 py-3 seo-h4\">Les Enfants<\/h3>\r\n\t\t\t\t<p class=\"mb-3\">Une gamme de services de sant\u00e9 mentale pour les enfants \u00e2g\u00e9s de 0 \u00e0 12 ans est disponible \u00e0 New Path.<\/p>\r\n\t\t\t<\/div>\r\n\t\t\t\r\n\t\t\t\t\t\t\t<div><a class=\"btn\" href=\"\/fr\/services\/children\/\" target=\"_self\">Explorez les mesures de soutien pour les enfants<\/a><\/div>\r\n\t\t\t\t\t\t\t\t\t\r\n\t\t<\/div>\r\n\r\n\t<\/div>\r\n<\/div>\r\n[\/vc_column][vc_column offset=\u00a0\u00bbvc_col-md-6&Prime;]\r\n<div class=\"cta-wrapper border-mint\">\r\n\t<div class=\"cta-box dark-mode\">\r\n\t\t<div class=\"cta-box-content p-3\">\r\n\t\t\t<div>\r\n\t\t\t\t<img decoding=\"async\" src=\"https:\/\/newpath.ca\/wp-content\/uploads\/Youth.svg\" alt=\"La Jeunesse\" >\t\t\t\t<h3 class=\"mb-0 py-3 seo-h4\">La Jeunesse<\/h3>\r\n\t\t\t\t<p class=\"mb-3\">Une gamme de services de sant\u00e9 mentale pour les jeunes \u00e2g\u00e9s de 12 \u00e0 18 ans est disponible en personne, par t\u00e9l\u00e9phone et en ligne.<\/p>\r\n\t\t\t<\/div>\r\n\t\t\t\r\n\t\t\t\t\t\t\t<div><a class=\"btn\" href=\"\/fr\/services\/youth\/\" target=\"_self\">Explorez les mesures de soutien pour les jeunes<\/a><\/div>\r\n\t\t\t\t\t\t\t\t\t\r\n\t\t<\/div>\r\n\r\n\t<\/div>\r\n<\/div>\r\n[\/vc_column][\/vc_row][vc_row gap=\u00a0\u00bb25&Prime; equal_height=\u00a0\u00bbyes\u00a0\u00bb el_class=\u00a0\u00bbwidth-container\u00a0\u00bb][vc_column offset=\u00a0\u00bbvc_col-md-6&Prime;]\r\n<div class=\"cta-wrapper border-orange\">\r\n\t<div class=\"cta-box dark-mode\">\r\n\t\t<div class=\"cta-box-content p-3\">\r\n\t\t\t<div>\r\n\t\t\t\t<img decoding=\"async\" src=\"https:\/\/newpath.ca\/wp-content\/uploads\/Parents.svg\" alt=\"Parents et Soignants\" >\t\t\t\t<h3 class=\"mb-0 py-3 seo-h4\">Parents et Soignants<\/h3>\r\n\t\t\t\t<p class=\"mb-3\">New Path travaille en \u00e9troite collaboration avec les parents et les fournisseurs de soins pour soutenir les enfants et les jeunes dans leur parcours de sant\u00e9 mentale.<\/p>\r\n\t\t\t<\/div>\r\n\t\t\t\r\n\t\t\t\t\t\t\t<div><a class=\"btn\" href=\"\/fr\/services\/parents-caregivers\/\" target=\"_self\">Explorez les mesures de soutien pour les parents et les fournisseurs de soins<\/a><\/div>\r\n\t\t\t\t\t\t\t\t\t\r\n\t\t<\/div>\r\n\r\n\t<\/div>\r\n<\/div>\r\n[\/vc_column][vc_column offset=\u00a0\u00bbvc_col-md-6&Prime;]\r\n<div class=\"cta-wrapper border-purple\">\r\n\t<div class=\"cta-box dark-mode\">\r\n\t\t<div class=\"cta-box-content p-3\">\r\n\t\t\t<div>\r\n\t\t\t\t<img decoding=\"async\" src=\"https:\/\/newpath.ca\/wp-content\/uploads\/french.svg\" alt=\"Services en fran\u00e7ais\" >\t\t\t\t<h3 class=\"mb-0 py-3 seo-h4\">Services en fran\u00e7ais<\/h3>\r\n\t\t\t\t<p class=\"mb-3\">New Path offre une gamme de services de sant\u00e9 mentale gratuits \u00e0 l\u2019intention des enfants et des jeunes.<\/p>\r\n\t\t\t<\/div>\r\n\t\t\t\r\n\t\t\t\t\t\t\t<div><a class=\"btn\" href=\"\/services-en-francais\/\" target=\"_self\">Explorez les services en fran\u00e7ais<\/a><\/div>\r\n\t\t\t\t\t\t\t\t\t\r\n\t\t<\/div>\r\n\r\n\t<\/div>\r\n<\/div>\r\n[\/vc_column][\/vc_row][vc_row el_class=\u00a0\u00bbwidth-container py-5 py-lg-6&Prime;][vc_column el_class=\u00a0\u00bbbackground-green py-5 px-4 py-lg-6 px-lg-6 border-radius text-center\u00a0\u00bb][vc_column_text]Si vous ou quelqu\u2019un que vous connaissez \u00eates \u00e0 risque de suicide, appelez ou envoyez un texto \u00e0 : <a class=\"underline\" href=\"https:\/\/988.ca\" target=\"_blank\" rel=\"noopener\"><strong>la Ligne d\u2019aide en cas de crise de suicide : 9-8-8<\/strong><\/a>[\/vc_column_text][vc_column_text]<\/p>\n<h2>Si vous vivez une crise de sant\u00e9 mentale, appelez :<\/h2>\n<p>[\/vc_column_text][vc_column_text el_class=\u00a0\u00bbpt-4&Prime;]Simcoe County Mental Health Crisis Line <strong><a class=\"underline\" href=\"tel:7057285044\">705-728-5044<\/a><\/strong> or <a class=\"underline\" href=\"tel:18888938333\"><strong>1-888-893-8333<\/strong><\/a> Des interpr\u00e8tes peuvent \u00eatre mis \u00e0 disposition si n\u00e9cessaire[\/vc_column_text][vc_separator color=\u00a0\u00bbcustom\u00a0\u00bb accent_color=\u00a0\u00bb#002646&Prime;][vc_column_text]Service communautaire d\u2019intervention en cas de crise (pour Simcoe-Sud et la r\u00e9gion de York) : 310-COPE at <strong><a class=\"underline\" href=\"tel:18553102673\">1-855-310-COPE (2673)<\/a> <\/strong>or ou rendez-vous au service d\u2019urgence le plus proche. Vous pouvez \u00e9galement envoyer un texto au COPE au <a class=\"underline\" href=\"tel:185553102673\"><strong>1-855-310-2673<\/strong><\/a> ou clavarder avec un <a class=\"underline\" href=\"https:\/\/yssn.ca\/cope-home\/\" target=\"_blank\" rel=\"noopener\">intervenant en situation de crise en ligne<\/a>[\/vc_column_text][vc_separator color=\u00a0\u00bbcustom\u00a0\u00bb accent_color=\u00a0\u00bb#002646&Prime;][vc_column_text]Jeunesse, J\u2019\u00e9coute au <strong><a class=\"underline\" href=\"tel:18006686868\">1-800-668-6868<\/a><\/strong> ou textez CONNECT \u00e0 <strong>686868<\/strong>[\/vc_column_text][vc_separator color=\u00a0\u00bbcustom\u00a0\u00bb accent_color=\u00a0\u00bb#002646&Prime;][vc_column_text]Ligne de d\u00e9tresse de t\u00e9l\u00e9soins pour le comt\u00e9 de Simcoe :<a class=\"underline\" href=\"tel:7057267922\"><strong>705-726-7922<\/strong><\/a> Service fourni en anglais.[\/vc_column_text][vc_separator color=\u00a0\u00bbcustom\u00a0\u00bb accent_color=\u00a0\u00bb#002646&Prime;][vc_column_text css=\u00a0\u00bb.vc_custom_1710461963724{margin-bottom: 0px !important;}\u00a0\u00bb]Si vous avez une urgence m\u00e9dicale, veuillez composer le <strong>9-1-1<\/strong> ou vous rendre \u00e0 un service d\u2019urgence ou \u00e0 un h\u00f4pital local.[\/vc_column_text][\/vc_column][\/vc_row][vc_row css=\u00a0\u00bb.vc_custom_1702994901233{background-image: url(https:\/\/newpath.ca\/wp-content\/uploads\/faq-background-long-scaled.jpg?id=282) !important;background-position: center !important;background-repeat: no-repeat !important;background-size: cover !important;}\u00a0\u00bb el_class=\u00a0\u00bbbackground-top\u00a0\u00bb][vc_column el_class=\u00a0\u00bbwidth-container py-5 py-lg-6&Prime;][vc_column_text css=\u00a0\u00bb.vc_custom_1710462129114{margin-bottom: 0px !important;}\u00a0\u00bb el_class=\u00a0\u00bbtext-white text-center pb-5 pb-lg-6&Prime;]<\/p>\n<h2>Apprenez-en plus sur nos services ci-dessous ou contactez-nous si vous avez des questions : <a class=\"underline\" href=\"tel:7057257656\">705-725-7656<\/a><\/h2>\n<p>[\/vc_column_text]\r\n<div class=\"accordion-wrap\">\r\n\t<button class=\"accordion\"><span class=\"bold\">Sant\u00e9 mentale des enfants et des jeunes dans la communaut\u00e9<\/span><\/button>\r\n\t<div class=\"panel closepanel\">\r\n\t\t<div class=\"panel-container\">\r\n\t\t\t<p>Dans tous nos \u00e9tablissements, une gamme compl\u00e8te de services d\u2019\u00e9valuation et de counseling est offerte par une \u00e9quipe de conseillers professionnels qui soutiennent les enfants, les jeunes et leurs familles dans leur cheminement vers le mieux-\u00eatre mental. Cela comprend le counseling individuel, familial et de groupe.<\/p>\n<p>\u00c0 la suite d\u2019une \u00e9valuation approfondie des besoins, des services de counseling sont offerts aux enfants, aux jeunes et aux familles dans l\u2019environnement qui r\u00e9pond le mieux \u00e0 leurs besoins. Il peut s\u2019agir d\u2019un <a href=\"https:\/\/newpath.ca\/book-now\/\">bureau New Path<\/a>, \u00e0 la maison, dans la communaut\u00e9 et \u00e0 l\u2019\u00e9cole.<\/p>\n\t\t<\/div>\t\t\t\r\n\t<\/div>\r\n<\/div>\r\n<div class=\"accordion-wrap\">\r\n\t<button class=\"accordion\"><span class=\"bold\">Pr\u00e9vention cibl\u00e9e<\/span><\/button>\r\n\t<div class=\"panel closepanel\">\r\n\t\t<div class=\"panel-container\">\r\n\t\t\t<p>La pr\u00e9vention cibl\u00e9e met l\u2019accent sur le changement des points de vue et des comportements, le renforcement des comp\u00e9tences et\/ou la sensibilisation et la r\u00e9silience par la fourniture d\u2019information, d\u2019\u00e9ducation et de programmes aux populations \u00e0 risque. La pr\u00e9vention cibl\u00e9e a lieu \u00e0 diff\u00e9rents endroits, y compris dans les \u00e9coles, les \u00e9tablissements de soins de sant\u00e9 et les milieux communautaires (par exemple, les centres ON y va), et peut impliquer des professionnels de la sant\u00e9 et des \u00e9ducateurs en tant que partenaires.<\/p>\n\t\t<\/div>\t\t\t\r\n\t<\/div>\r\n<\/div>\r\n<div class=\"accordion-wrap\">\r\n\t<button class=\"accordion\"><span class=\"bold\">Services brefs<\/span><\/button>\r\n\t<div class=\"panel closepanel\">\r\n\t\t<div class=\"panel-container\">\r\n\t\t\t<p>Les services de courte dur\u00e9e visent \u00e0 r\u00e9duire la gravit\u00e9 des probl\u00e8mes \u00e9motionnels, sociaux, comportementaux et d\u2019autor\u00e9gulation des enfants et des jeunes et\/ou \u00e0 soutenir des changements positifs dans ce domaine. Une \u00e0 trois s\u00e9ances de counseling portent sur les besoins imm\u00e9diats des enfants ou des jeunes.<\/p>\n\t\t<\/div>\t\t\t\r\n\t<\/div>\r\n<\/div>\r\n<div class=\"accordion-wrap\">\r\n\t<button class=\"accordion\"><span class=\"bold\">Services de counseling et de th\u00e9rapie<\/span><\/button>\r\n\t<div class=\"panel closepanel\">\r\n\t\t<div class=\"panel-container\">\r\n\t\t\t<p>Les services de counseling et de th\u00e9rapie s\u2019adressent aux enfants et aux jeunes qui \u00e9prouvent des probl\u00e8mes de sant\u00e9 mentale mod\u00e9r\u00e9s \u00e0 plus complexes. Les services sont fournis dans le contexte de la famille, de la culture et de la communaut\u00e9 et peuvent \u00eatre dispens\u00e9s dans divers contextes.<\/p>\n\t\t<\/div>\t\t\t\r\n\t<\/div>\r\n<\/div>\r\n<div class=\"accordion-wrap\">\r\n\t<button class=\"accordion\"><span class=\"bold\">Renforcement des capacit\u00e9s et soutien des familles et des aidants<\/span><\/button>\r\n\t<div class=\"panel closepanel\">\r\n\t\t<div class=\"panel-container\">\r\n\t\t\t<p>Les familles (y compris les parents, les soignants, les tuteurs, les fr\u00e8res et s\u0153urs et les autres membres de la famille) ont un r\u00f4le essentiel \u00e0 jouer dans la promotion et le soutien du bien-\u00eatre mental des membres de leur famille. Les services de renforcement des capacit\u00e9s et de soutien aux familles peuvent inclure l\u2019acc\u00e8s \u00e0 un soutien par les pairs qui favorise la r\u00e9silience et le bon fonctionnement des enfants, des jeunes et des familles.<\/p>\n\t\t<\/div>\t\t\t\r\n\t<\/div>\r\n<\/div>\r\n<div class=\"accordion-wrap\">\r\n\t<button class=\"accordion\"><span class=\"bold\">Services sp\u00e9cialis\u00e9s de consultation et d\u2019\u00e9valuation<\/span><\/button>\r\n\t<div class=\"panel closepanel\">\r\n\t\t<div class=\"panel-container\">\r\n\t\t\t<p>Les consultations et les \u00e9valuations sp\u00e9cialis\u00e9es sont con\u00e7ues pour fournir des conseils sur l\u2019\u00e9valuation, le diagnostic, le pronostic et\/ou le traitement d\u2019un enfant ou d\u2019un jeune ayant des besoins identifi\u00e9s en mati\u00e8re de sant\u00e9 mentale. Les enfants et les jeunes ne peuvent recevoir qu\u2019une consultation ou une \u00e9valuation sp\u00e9cialis\u00e9e dans le cadre de leur plan de traitement.<\/p>\n\t\t<\/div>\t\t\t\r\n\t<\/div>\r\n<\/div>\r\n<div class=\"accordion-wrap\">\r\n\t<button class=\"accordion\"><span class=\"bold\">Services de traitement intensif<\/span><\/button>\r\n\t<div class=\"panel closepanel\">\r\n\t\t<div class=\"panel-container\">\r\n\t\t\t<p>Les services de traitement intensif s\u2019adressent aux enfants et aux jeunes qui ont \u00e9t\u00e9 diagnostiqu\u00e9s ou identifi\u00e9s comme ayant un probl\u00e8me de sant\u00e9 mentale qui nuit \u00e0 leur fonctionnement de fa\u00e7on ou de plusieurs fa\u00e7ons. Bon nombre de ces enfants et de ces jeunes auront besoin d\u2019un soutien intensif, soit pendant une p\u00e9riode d\u00e9termin\u00e9e, soit \u00e0 diff\u00e9rents moments de leur vie, pour continuer \u00e0 fonctionner \u00e0 la maison, \u00e0 l\u2019\u00e9cole ou dans la collectivit\u00e9.<\/p>\n<p>Les services de traitement intensif comprennent :<\/p>\n<ul>\n<li>Services de traitement communautaire ou de jour<\/li>\n<li>Services \u00e0 domicile<\/li>\n<li>Services de traitement \u00e0 domicile<\/li>\n<\/ul>\n\t\t<\/div>\t\t\t\r\n\t<\/div>\r\n<\/div>[\/vc_column][\/vc_row][vc_row el_class=\u00a0\u00bbwidth-container py-5 py-lg-6 d-lg-flex\u00a0\u00bb][vc_column el_class=\u00a0\u00bbpr-lg-5 d-center\u00a0\u00bb offset=\u00a0\u00bbvc_col-md-6&Prime;][vc_single_image image=\u00a0\u00bb466&Prime; img_size=\u00a0\u00bbfull\u00a0\u00bb alignment=\u00a0\u00bbcenter\u00a0\u00bb css=\u00a0\u00bb.vc_custom_1703092270631{margin-bottom: 0px !important;}\u00a0\u00bb el_class=\u00a0\u00bbmax-450&Prime;][\/vc_column][vc_column el_class=\u00a0\u00bbpl-lg-5 pt-5 pt-lg-0 d-center\u00a0\u00bb offset=\u00a0\u00bbvc_col-md-6&Prime;][vc_column_text]<\/p>\n<h2>Notre engagement envers vous et celles qui cherchent de l\u2019aide avec New Path<\/h2>\n<p>[\/vc_column_text][vc_column_text]Chez New Path, nous nous engageons \u00e0 fournir des services de la plus haute qualit\u00e9 qui soutiennent les enfants et les jeunes, leurs parents et leurs soignants dans leur parcours de bien-\u00eatre mental.\u00a0 En nous engageant dans des activit\u00e9s d\u2019assurance de la qualit\u00e9 sur une base continue et en favorisant un environnement qui favorise la responsabilisation, la transparence et la confiance, nous sommes en mesure de respecter notre engagement \u00e0 fournir des services de sant\u00e9 mentale de haute qualit\u00e9.[\/vc_column_text]\r\n<a id=\"\" class=\"btn btn-green\"  href=\"\/fr\/who-we-are\/quality-services-and-accountability\/\" target=\"_self\"  > Services de Qualit\u00e9 <\/a>[\/vc_column][\/vc_row]<\/p>\n<\/div>","protected":false},"excerpt":{"rendered":"<p>[vc_row css=\u00a0\u00bb.vc_custom_1702653806412{background-image: url(https:\/\/newpath.ca\/wp-content\/uploads\/BG.jpg?id=28) !important;background-position: center !important;background-repeat: no-repeat !important;background-size: cover !important;}\u00a0\u00bb][vc_column el_class=\u00a0\u00bbwidth-container text-white text-center py-5 py-lg-6&Prime;][vc_row_inner][vc_column_inner offset=\u00a0\u00bbvc_col-md-offset-1 vc_col-md-10&Prime;][vc_column_text] Soutien en sant\u00e9 mentale pour les enfants et les jeunes, leurs parents et leurs fournisseurs de soins [\/vc_column_text][vc_column_text&#8230;<\/p>\n","protected":false},"author":2,"featured_media":0,"parent":0,"menu_order":0,"comment_status":"closed","ping_status":"closed","template":"","meta":{"om_disable_all_campaigns":false,"_monsterinsights_skip_tracking":false,"_monsterinsights_sitenote_active":false,"_monsterinsights_sitenote_note":"","_monsterinsights_sitenote_category":0,"_uf_show_specific_survey":0,"_uf_disable_surveys":false,"site-sidebar-layout":"no-sidebar","site-content-layout":"plain-container","ast-site-content-layout":"full-width-container","site-content-style":"default","site-sidebar-style":"default","ast-global-header-display":"","ast-banner-title-visibility":"","ast-main-header-display":"","ast-hfb-above-header-display":"","ast-hfb-below-header-display":"","ast-hfb-mobile-header-display":"","site-post-title":"disabled","ast-breadcrumbs-content":"","ast-featured-img":"disabled","footer-sml-layout":"","ast-disable-related-posts":"","theme-transparent-header-meta":"default","adv-header-id-meta":"","stick-header-meta":"default","header-above-stick-meta":"","header-main-stick-meta":"","header-below-stick-meta":"","astra-migrate-meta-layouts":"set","ast-page-background-enabled":"default","ast-page-background-meta":{"desktop":{"background-color":"var(--ast-global-color-4)","background-image":"","background-repeat":"repeat","background-position":"center center","background-size":"auto","background-attachment":"scroll","background-type":"","background-media":"","overlay-type":"","overlay-color":"","overlay-opacity":"","overlay-gradient":""},"tablet":{"background-color":"","background-image":"","background-repeat":"repeat","background-position":"center center","background-size":"auto","background-attachment":"scroll","background-type":"","background-media":"","overlay-type":"","overlay-color":"","overlay-opacity":"","overlay-gradient":""},"mobile":{"background-color":"","background-image":"","background-repeat":"repeat","background-position":"center center","background-size":"auto","background-attachment":"scroll","background-type":"","background-media":"","overlay-type":"","overlay-color":"","overlay-opacity":"","overlay-gradient":""}},"ast-content-background-meta":{"desktop":{"background-color":"var(--ast-global-color-5)","background-image":"","background-repeat":"repeat","background-position":"center center","background-size":"auto","background-attachment":"scroll","background-type":"","background-media":"","overlay-type":"","overlay-color":"","overlay-opacity":"","overlay-gradient":""},"tablet":{"background-color":"var(--ast-global-color-5)","background-image":"","background-repeat":"repeat","background-position":"center center","background-size":"auto","background-attachment":"scroll","background-type":"","background-media":"","overlay-type":"","overlay-color":"","overlay-opacity":"","overlay-gradient":""},"mobile":{"background-color":"var(--ast-global-color-5)","background-image":"","background-repeat":"repeat","background-position":"center center","background-size":"auto","background-attachment":"scroll","background-type":"","background-media":"","overlay-type":"","overlay-color":"","overlay-opacity":"","overlay-gradient":""}},"footnotes":""},"class_list":["post-626","page","type-page","status-publish","hentry"],"aioseo_notices":[],"_links":{"self":[{"href":"https:\/\/newpath.ca\/fr\/wp-json\/wp\/v2\/pages\/626","targetHints":{"allow":["GET"]}}],"collection":[{"href":"https:\/\/newpath.ca\/fr\/wp-json\/wp\/v2\/pages"}],"about":[{"href":"https:\/\/newpath.ca\/fr\/wp-json\/wp\/v2\/types\/page"}],"author":[{"embeddable":true,"href":"https:\/\/newpath.ca\/fr\/wp-json\/wp\/v2\/users\/2"}],"replies":[{"embeddable":true,"href":"https:\/\/newpath.ca\/fr\/wp-json\/wp\/v2\/comments?post=626"}],"version-history":[{"count":5,"href":"https:\/\/newpath.ca\/fr\/wp-json\/wp\/v2\/pages\/626\/revisions"}],"predecessor-version":[{"id":3349,"href":"https:\/\/newpath.ca\/fr\/wp-json\/wp\/v2\/pages\/626\/revisions\/3349"}],"wp:attachment":[{"href":"https:\/\/newpath.ca\/fr\/wp-json\/wp\/v2\/media?parent=626"}],"curies":[{"name":"wp","href":"https:\/\/api.w.org\/{rel}","templated":true}]}}