{"id":613,"date":"2023-12-20T13:34:47","date_gmt":"2023-12-20T18:34:47","guid":{"rendered":"https:\/\/newpath.ca\/?page_id=613"},"modified":"2024-02-20T10:08:04","modified_gmt":"2024-02-20T15:08:04","slug":"equity-diversity-inclusion-and-belonging","status":"publish","type":"page","link":"https:\/\/newpath.ca\/fr\/equity-diversity-inclusion-and-belonging\/","title":{"rendered":"\u00c9quit\u00e9, diversit\u00e9, inclusion et appartenance"},"content":{"rendered":"<div class=\"wpb-content-wrapper\"><p>[vc_row css=\u00a0\u00bb.vc_custom_1702653806412{background-image: url(https:\/\/newpath.ca\/wp-content\/uploads\/BG.jpg?id=28) !important;background-position: center !important;background-repeat: no-repeat !important;background-size: cover !important;}\u00a0\u00bb][vc_column el_class=\u00a0\u00bbwidth-container text-white text-center py-5 py-lg-6&Prime;][vc_row_inner][vc_column_inner offset=\u00a0\u00bbvc_col-md-offset-2 vc_col-md-8&Prime;][vc_column_text css=\u00a0\u00bb.vc_custom_1703097240399{margin-bottom: 0px !important;}\u00a0\u00bb]<\/p>\n<h1>Equity, Diversity, Inclusion and Belonging<\/h1>\n<p>[\/vc_column_text][vc_column_text css=\u00a0\u00bb.vc_custom_1707929840092{margin-bottom: 0px !important;}\u00a0\u00bb]New Path is committed to prioritizing and integrating principles of equity, diversity, inclusion (EDI) and belonging in its service delivery and communication.[\/vc_column_text][\/vc_column_inner][\/vc_row_inner][\/vc_column][\/vc_row][vc_row el_class=\u00a0\u00bbpt-5 pt-lg-6 width-container\u00a0\u00bb][vc_column offset=\u00a0\u00bbvc_col-md-offset-2 vc_col-md-8&Prime; el_class=\u00a0\u00bbtext-center\u00a0\u00bb][vc_column_text]<\/p>\n<h2>Our Commitment to EDI<\/h2>\n<p>[\/vc_column_text][vc_column_text]Our <a class=\"underline\" href=\"\/strategic-plan\/\" target=\"_blank\" rel=\"noopener\">strategic plan<\/a> has four pillars: Equity, Diversity and Inclusion; Partners; Programs; and People. These pillars set the foundation for our efforts to move towards our vision of healthy, thriving communities that support personal growth and wellbeing and achieve our mission: Through leadership and partnerships, we ensure that children and youth have integrated, accessible, and inclusive mental health services when and where they need them.[\/vc_column_text][\/vc_column][\/vc_row][vc_row el_class=\u00a0\u00bbwidth-container pt-5 pt-lg-6 d-lg-flex\u00a0\u00bb][vc_column el_class=\u00a0\u00bbpr-lg-5 d-center\u00a0\u00bb offset=\u00a0\u00bbvc_col-md-6&Prime;][vc_single_image image=\u00a0\u00bb464&Prime; img_size=\u00a0\u00bbfull\u00a0\u00bb alignment=\u00a0\u00bbcenter\u00a0\u00bb css=\u00a0\u00bb.vc_custom_1707930423515{margin-bottom: 0px !important;}\u00a0\u00bb el_class=\u00a0\u00bbmax-450&Prime;][\/vc_column][vc_column el_class=\u00a0\u00bbpl-lg-5 pt-5 pt-lg-0 d-center\u00a0\u00bb offset=\u00a0\u00bbvc_col-md-6&Prime;][vc_column_text css=\u00a0\u00bb.vc_custom_1707930769819{margin-bottom: 0px !important;}\u00a0\u00bb]To ensure that all children, youth and their families have timely access to mental health support, our services are free of charge and available in-person, online, and by phone. Children, youth, their families and caregivers can <a class=\"underline\" href=\"\/book-now\/\">book an appointment<\/a> online, or if they don\u2019t have online access by calling us at <a class=\"underline\" href=\"tel:7057257656\">705-725-7656<\/a>, on a day and me that is convenient for them.[\/vc_column_text][\/vc_column][\/vc_row][vc_row el_class=\u00a0\u00bbwidth-container pt-5 pt-lg-6 d-lg-flex\u00a0\u00bb][vc_column el_class=\u00a0\u00bbpl-lg-5 d-center order-last\u00a0\u00bb offset=\u00a0\u00bbvc_col-md-6&Prime;][vc_single_image image=\u00a0\u00bb2213&Prime; img_size=\u00a0\u00bbfull\u00a0\u00bb alignment=\u00a0\u00bbcenter\u00a0\u00bb css=\u00a0\u00bb.vc_custom_1707930514135{margin-bottom: 0px !important;}\u00a0\u00bb el_class=\u00a0\u00bbmax-450&Prime;][\/vc_column][vc_column el_class=\u00a0\u00bbpr-lg-5 pt-5 pt-lg-0 d-center\u00a0\u00bb offset=\u00a0\u00bbvc_col-md-6&Prime;][vc_column_text css=\u00a0\u00bb.vc_custom_1707930657687{margin-bottom: 0px !important;}\u00a0\u00bb]We are honoured to provide mental health care for children, youth, their families and caregivers on the traditional land of the Anishinaabeg people. The Anishinaabeg include the Ojibwe, Odawa, and Potawatomi nations, collectively known as the Three Fires Confederacy. We are dedicated to honouring the history and culture of the Anishinaabeg people and are commitied to moving forward with respect for good physical and mental health with all First Nation, M\u00e9tis and Inuit people in our community. New Path is commitied to moving forward with action.[\/vc_column_text][\/vc_column][\/vc_row][vc_row el_class=\u00a0\u00bbwidth-container pt-5 pt-lg-6 d-lg-flex\u00a0\u00bb][vc_column el_class=\u00a0\u00bbpr-lg-5 d-center\u00a0\u00bb offset=\u00a0\u00bbvc_col-md-6&Prime;][vc_single_image image=\u00a0\u00bb2215&Prime; img_size=\u00a0\u00bbfull\u00a0\u00bb alignment=\u00a0\u00bbcenter\u00a0\u00bb css=\u00a0\u00bb.vc_custom_1707930544608{margin-bottom: 0px !important;}\u00a0\u00bb el_class=\u00a0\u00bbmax-450&Prime;][\/vc_column][vc_column el_class=\u00a0\u00bbpl-lg-5 pt-5 pt-lg-0 d-center\u00a0\u00bb offset=\u00a0\u00bbvc_col-md-6&Prime;][vc_column_text css=\u00a0\u00bb.vc_custom_1707930661275{margin-bottom: 0px !important;}\u00a0\u00bb]To support New Path\u2019s commitment to EDI and belonging, we seek to partner and collaborate with organizations that support this commitment. One recent example is the development of a new service pathway with Dnaagdawenmag Binnoojiiyag Child &amp; Family Services to ensure equitable access to services for Indigenous children, youth, and families to our Child and Teen Parent Success Programs. New Path also continues to participate in and collaborate with the Indigenous Service Agency Advisory Circle to ensure service and access equity.[\/vc_column_text][\/vc_column][\/vc_row][vc_row el_class=\u00a0\u00bbpy-5 py-lg-6 width-container\u00a0\u00bb][vc_column offset=\u00a0\u00bbvc_col-md-offset-2 vc_col-md-8&Prime; el_class=\u00a0\u00bbtext-center\u00a0\u00bb][vc_column_text css=\u00a0\u00bb.vc_custom_1707930664807{margin-bottom: 0px !important;}\u00a0\u00bb]Internally, our EDI team works to broaden our knowledge and perspectives through initiatives and activities such as an EDI calendar, an inclusive language guide and a virtual EDI library.[\/vc_column_text][\/vc_column][\/vc_row]<\/p>\n<\/div>","protected":false},"excerpt":{"rendered":"<p>[vc_row css=\u00a0\u00bb.vc_custom_1702653806412{background-image: url(https:\/\/newpath.ca\/wp-content\/uploads\/BG.jpg?id=28) !important;background-position: center !important;background-repeat: no-repeat !important;background-size: cover !important;}\u00a0\u00bb][vc_column el_class=\u00a0\u00bbwidth-container text-white text-center py-5 py-lg-6&Prime;][vc_row_inner][vc_column_inner offset=\u00a0\u00bbvc_col-md-offset-2 vc_col-md-8&Prime;][vc_column_text css=\u00a0\u00bb.vc_custom_1703097240399{margin-bottom: 0px !important;}\u00a0\u00bb] Equity, Diversity, Inclusion and Belonging [\/vc_column_text][vc_column_text css=\u00a0\u00bb.vc_custom_1707929840092{margin-bottom: 0px !important;}\u00a0\u00bb]New Path is committed to prioritizing and&#8230;<\/p>\n","protected":false},"author":2,"featured_media":0,"parent":0,"menu_order":0,"comment_status":"closed","ping_status":"closed","template":"","meta":{"om_disable_all_campaigns":false,"_monsterinsights_skip_tracking":false,"_monsterinsights_sitenote_active":false,"_monsterinsights_sitenote_note":"","_monsterinsights_sitenote_category":0,"_uf_show_specific_survey":0,"_uf_disable_surveys":false,"site-sidebar-layout":"no-sidebar","site-content-layout":"plain-container","ast-site-content-layout":"full-width-container","site-content-style":"default","site-sidebar-style":"default","ast-global-header-display":"","ast-banner-title-visibility":"","ast-main-header-display":"","ast-hfb-above-header-display":"","ast-hfb-below-header-display":"","ast-hfb-mobile-header-display":"","site-post-title":"disabled","ast-breadcrumbs-content":"","ast-featured-img":"disabled","footer-sml-layout":"","ast-disable-related-posts":"","theme-transparent-header-meta":"default","adv-header-id-meta":"","stick-header-meta":"default","header-above-stick-meta":"","header-main-stick-meta":"","header-below-stick-meta":"","astra-migrate-meta-layouts":"set","ast-page-background-enabled":"default","ast-page-background-meta":{"desktop":{"background-color":"var(--ast-global-color-4)","background-image":"","background-repeat":"repeat","background-position":"center center","background-size":"auto","background-attachment":"scroll","background-type":"","background-media":"","overlay-type":"","overlay-color":"","overlay-opacity":"","overlay-gradient":""},"tablet":{"background-color":"","background-image":"","background-repeat":"repeat","background-position":"center center","background-size":"auto","background-attachment":"scroll","background-type":"","background-media":"","overlay-type":"","overlay-color":"","overlay-opacity":"","overlay-gradient":""},"mobile":{"background-color":"","background-image":"","background-repeat":"repeat","background-position":"center center","background-size":"auto","background-attachment":"scroll","background-type":"","background-media":"","overlay-type":"","overlay-color":"","overlay-opacity":"","overlay-gradient":""}},"ast-content-background-meta":{"desktop":{"background-color":"var(--ast-global-color-5)","background-image":"","background-repeat":"repeat","background-position":"center center","background-size":"auto","background-attachment":"scroll","background-type":"","background-media":"","overlay-type":"","overlay-color":"","overlay-opacity":"","overlay-gradient":""},"tablet":{"background-color":"var(--ast-global-color-5)","background-image":"","background-repeat":"repeat","background-position":"center center","background-size":"auto","background-attachment":"scroll","background-type":"","background-media":"","overlay-type":"","overlay-color":"","overlay-opacity":"","overlay-gradient":""},"mobile":{"background-color":"var(--ast-global-color-5)","background-image":"","background-repeat":"repeat","background-position":"center center","background-size":"auto","background-attachment":"scroll","background-type":"","background-media":"","overlay-type":"","overlay-color":"","overlay-opacity":"","overlay-gradient":""}},"footnotes":""},"class_list":["post-613","page","type-page","status-publish","hentry"],"aioseo_notices":[],"_links":{"self":[{"href":"https:\/\/newpath.ca\/fr\/wp-json\/wp\/v2\/pages\/613","targetHints":{"allow":["GET"]}}],"collection":[{"href":"https:\/\/newpath.ca\/fr\/wp-json\/wp\/v2\/pages"}],"about":[{"href":"https:\/\/newpath.ca\/fr\/wp-json\/wp\/v2\/types\/page"}],"author":[{"embeddable":true,"href":"https:\/\/newpath.ca\/fr\/wp-json\/wp\/v2\/users\/2"}],"replies":[{"embeddable":true,"href":"https:\/\/newpath.ca\/fr\/wp-json\/wp\/v2\/comments?post=613"}],"version-history":[{"count":0,"href":"https:\/\/newpath.ca\/fr\/wp-json\/wp\/v2\/pages\/613\/revisions"}],"wp:attachment":[{"href":"https:\/\/newpath.ca\/fr\/wp-json\/wp\/v2\/media?parent=613"}],"curies":[{"name":"wp","href":"https:\/\/api.w.org\/{rel}","templated":true}]}}