{"id":602,"date":"2023-12-15T09:52:55","date_gmt":"2023-12-15T14:52:55","guid":{"rendered":"https:\/\/newpath.ca\/?page_id=602"},"modified":"2024-09-16T10:20:33","modified_gmt":"2024-09-16T14:20:33","slug":"reserver-maintenant","status":"publish","type":"page","link":"https:\/\/newpath.ca\/fr\/reserver-maintenant\/","title":{"rendered":"R\u00e9server maintenant"},"content":{"rendered":"<div class=\"wpb-content-wrapper\"><p>[vc_row css=\u00a0\u00bb.vc_custom_1702653806412{background-image: url(https:\/\/newpath.ca\/wp-content\/uploads\/BG.jpg?id=28) !important;background-position: center !important;background-repeat: no-repeat !important;background-size: cover !important;}\u00a0\u00bb][vc_column el_class=\u00a0\u00bbwidth-container text-white text-center py-5 py-lg-6&Prime;][vc_row_inner][vc_column_inner offset=\u00a0\u00bbvc_col-md-offset-2 vc_col-md-8&Prime;][vc_column_text]<\/p>\n<h1>Prendre rendez-vous<\/h1>\n<p>[\/vc_column_text][vc_column_text]Bienvenue \u00e0 la clinique de counseling d\u2019acc\u00e8s rapide de New Path pour les enfants et les jeunes, leurs familles et leurs soignants.<br \/>\nParce que la sant\u00e9 mentale ne peut pas attendre.[\/vc_column_text][vc_column_text css=\u00a0\u00bb.vc_custom_1710462998627{margin-bottom: 0px !important;}\u00a0\u00bb]Cette clinique offre une s\u00e9ance de counseling d\u2019une heure et peut \u00eatre votre premi\u00e8re \u00e9tape pour acc\u00e9der \u00e0 d\u2019autres services de sant\u00e9 mentale au besoin.[\/vc_column_text][\/vc_column_inner][\/vc_row_inner][\/vc_column][\/vc_row][vc_row el_class=\u00a0\u00bbwidth-container py-5 py-lg-6 d-lg-flex\u00a0\u00bb][vc_column offset=\u00a0\u00bbvc_col-md-6&Prime; el_class=\u00a0\u00bbpr-lg-5 d-center\u00a0\u00bb][vc_single_image image=\u00a0\u00bb512&Prime; img_size=\u00a0\u00bbfull\u00a0\u00bb alignment=\u00a0\u00bbcenter\u00a0\u00bb css=\u00a0\u00bb.vc_custom_1710463281012{margin-bottom: 0px !important;}\u00a0\u00bb][\/vc_column][vc_column offset=\u00a0\u00bbvc_col-md-6&Prime; el_class=\u00a0\u00bbpl-lg-5 pt-5 pt-lg-0 d-center\u00a0\u00bb][vc_column_text css=\u00a0\u00bb\u00a0\u00bb]<\/p>\n<h2>Premiers pas avec les services gratuits de counseling en sant\u00e9 mentale de New Path<\/h2>\n<p>[\/vc_column_text][vc_column_text css=\u00a0\u00bb\u00a0\u00bb]Acc\u00e9dez \u00e0 un soutien psychologique gratuit en prenant rendez-vous par l\u2019interm\u00e9diaire de la Clinique de counseling \u00e0 acc\u00e8s rapide. Les rendez-vous sont disponibles en personne, par t\u00e9l\u00e9phone ou en ligne et peuvent \u00eatre pris jusqu\u2019\u00e0 deux semaines \u00e0 l\u2019avance et le jour m\u00eame.<\/p>\n<p>Si vous n\u2019avez pas acc\u00e8s \u00e0 Internet et que vous souhaitez prendre rendez-vous, veuillez nous appeler au\u00a0<a class=\"underline\" href=\"tel:7057257656\">705-725-7656<\/a>\u00a0ou nous envoyer un courriel \u00e0 l\u2019adresse suivante :\u00a0<a class=\"underline\" href=\"mailto:info@newpath.ca\">info@newpath.ca<\/a>[\/vc_column_text]\r\n<a id=\"\" class=\"btn btn-green\"  href=\"https:\/\/search.caredove.com\/service\/26056\/request\" target=\"_blank\"  > Prendre rendez-vous <\/a>[\/vc_column][\/vc_row][vc_row css=\u00a0\u00bb.vc_custom_1702994901233{background-image: url(https:\/\/newpath.ca\/wp-content\/uploads\/faq-background-long-scaled.jpg?id=282) !important;background-position: center !important;background-repeat: no-repeat !important;background-size: cover !important;}\u00a0\u00bb el_class=\u00a0\u00bbbackground-top\u00a0\u00bb][vc_column el_class=\u00a0\u00bbwidth-container py-5 py-lg-6&Prime;][vc_column_text css=\u00a0\u00bb.vc_custom_1710463735262{margin-bottom: 0px !important;}\u00a0\u00bb el_class=\u00a0\u00bbtext-white text-center pb-5 pb-lg-6&Prime;]<\/p>\n<h2>Foire aux questions<\/h2>\n<p>[\/vc_column_text]\r\n<div class=\"accordion-wrap\">\r\n\t<button class=\"accordion\"><span class=\"bold\">O\u00f9 ce programme est-il offert?<\/span><\/button>\r\n\t<div class=\"panel closepanel\">\r\n\t\t<div class=\"panel-container\">\r\n\t\t\t<p>Le counseling est offert en personne, par t\u00e9l\u00e9phone et en ligne dans tout le comt\u00e9 de Simcoe :<\/p>\n<ul>\n<li>Alliston<\/li>\n<li>Barrie<\/li>\n<li>Bradford<\/li>\n<li>Collingwood<\/li>\n<li>Midland (par l\u2019entremise du <a class=\"underline\" href=\"https:\/\/youthhubs.ca\/en\/sites\/north-simcoe\/\" target=\"_blank\" rel=\"noopener\">Carrefour du bien-\u00eatre des jeunes de Simcoe Nord<\/a>)<\/li>\n<li>Orillia<\/li>\n<\/ul>\n\t\t<\/div>\t\t\t\r\n\t<\/div>\r\n<\/div>\r\n<div class=\"accordion-wrap\">\r\n\t<button class=\"accordion\"><span class=\"bold\">Comment puis-je prendre rendez-vous ?<\/span><\/button>\r\n\t<div class=\"panel closepanel\">\r\n\t\t<div class=\"panel-container\">\r\n\t\t\t<p>Cliquez sur un emplacement ci-dessus pour prendre rendez-vous. Les rendez-vous le jour m\u00eame sont disponibles \u00e0 partir d\u2019environ 9 h le jour du rendez-vous. Pour les rendez-vous en personne, veuillez s\u00e9lectionner l\u2019endroit o\u00f9 vous souhaitez vous rendre. Pour les rendez-vous virtuels, vous pouvez choisir un rendez-vous dans n\u2019importe lequel de nos emplacements.<\/p>\n\t\t<\/div>\t\t\t\r\n\t<\/div>\r\n<\/div>\r\n<div class=\"accordion-wrap\">\r\n\t<button class=\"accordion\"><span class=\"bold\">Comment mes informations sont-elles collect\u00e9es ?<\/span><\/button>\r\n\t<div class=\"panel closepanel\">\r\n\t\t<div class=\"panel-container\">\r\n\t\t\t<p>Les informations relatives \u00e0 votre session sont collect\u00e9es par le biais d\u2019une plateforme en ligne s\u00e9curis\u00e9e. Si vous n\u2019avez pas acc\u00e8s \u00e0 un ordinateur, veuillez nous appeler au <a class=\"underline\" href=\"tel:7057257656\">705-725-7656<\/a> pour prendre rendez-vous.<\/p>\n<p>Que votre s\u00e9ance soit en personne, par t\u00e9l\u00e9phone ou en ligne, il y a de la paperasse \u00e0 remplir. Il peut \u00e9galement y avoir des questionnaires suppl\u00e9mentaires \u00e0 remplir si vous assistez \u00e0 des s\u00e9ances de counseling en personne.<\/p>\n\t\t<\/div>\t\t\t\r\n\t<\/div>\r\n<\/div>\r\n<div class=\"accordion-wrap\">\r\n\t<button class=\"accordion\"><span class=\"bold\">Que se passe-t-il lors de ma premi\u00e8re s\u00e9ance de counseling ?<\/span><\/button>\r\n\t<div class=\"panel closepanel\">\r\n\t\t<div class=\"panel-container\">\r\n\t\t\t<ul>\n<li aria-level=\"1\">Au cours de votre s\u00e9ance d\u2019une heure, vous parlerez avec un clinicien qui travaillera avec vous pour mieux comprendre le probl\u00e8me qui vous a amen\u00e9 \u00e0 la clinique et\/ou vous aider \u00e0 \u00e9laborer des strat\u00e9gies pour ce probl\u00e8me.<\/li>\n<li aria-level=\"1\">Le clinicien r\u00e9digera une note sommaire qui comprendra des commentaires, des recommandations et un \u00e9ventuel aiguillage vers d\u2019autres soutiens ou services \u00e0 New Path ou au sein de la communaut\u00e9, au besoin.<\/li>\n<li aria-level=\"1\">Veuillez noter que New Path ne diagnostique pas de conditions ou de troubles sp\u00e9cifiques et que nous ne pouvons pas non plus fournir d\u2019examen du traitement m\u00e9dicamenteux.<\/li>\n<\/ul>\n\t\t<\/div>\t\t\t\r\n\t<\/div>\r\n<\/div>\r\n<div class=\"accordion-wrap\">\r\n\t<button class=\"accordion\"><span class=\"bold\">Ce programme a-t-il un co\u00fbt ?<\/span><\/button>\r\n\t<div class=\"panel closepanel\">\r\n\t\t<div class=\"panel-container\">\r\n\t\t\t<p>Ce programme est gratuit. Il est financ\u00e9 par le minist\u00e8re de la Sant\u00e9 et le minist\u00e8re des Services \u00e0 l\u2019enfance et des Services sociaux et communautaires. Vous n\u2019avez pas besoin de votre carte d\u2019assurance-sant\u00e9 de l\u2019Ontario pour avoir acc\u00e8s \u00e0 des services de counseling.<\/p>\n\t\t<\/div>\t\t\t\r\n\t<\/div>\r\n<\/div>\r\n<div class=\"accordion-wrap\">\r\n\t<button class=\"accordion\"><span class=\"bold\">Puis-je b\u00e9n\u00e9ficier des services d\u2019une interpr\u00e8te ?<\/span><\/button>\r\n\t<div class=\"panel closepanel\">\r\n\t\t<div class=\"panel-container\">\r\n\t\t\t<p>Oui. Si vous avez besoin d\u2019un interpr\u00e8te, veuillez nous appeler ou nous envoyer un courriel pour prendre rendez-vous au <a class=\"underline\" href=\"tel:7057257656\">705-725-7656<\/a> \/ <a class=\"underline\" href=\"mailto:info@newpath.ca\">info@newpath.ca<\/a>.Cela nous permet de nous assurer que tout est en place avant votre rendez-vous.<\/p>\n<p>Si vous vous rendez \u00e0 la clinique pour obtenir un soutien suppl\u00e9mentaire, il se peut que le m\u00eame clinicien ne soit pas toujours disponible. Ne vous inqui\u00e9tez pas, nous sommes tous l\u00e0 pour vous aider.<\/p>\n\t\t<\/div>\t\t\t\r\n\t<\/div>\r\n<\/div>[\/vc_column][\/vc_row][vc_row el_class=\u00a0\u00bbwidth-container py-5 py-lg-6&Prime; css=\u00a0\u00bb.vc_custom_1710464832450{padding-top: 80px !important;padding-right: 20px !important;padding-bottom: 20px !important;padding-left: 20px !important;}\u00a0\u00bb][vc_column el_class=\u00a0\u00bbbackground-green py-5 px-4 py-lg-6 px-lg-6 border-radius text-center\u00a0\u00bb][vc_column_text]Si vous ou quelqu\u2019un que vous connaissez \u00eates \u00e0 risque de suicide, appelez ou envoyez un texto \u00e0 : <a class=\"underline\" href=\"https:\/\/988.ca\" target=\"_blank\" rel=\"noopener\"><strong>la Ligne d\u2019aide en cas de crise de suicide : 9-8-8<\/strong><\/a>[\/vc_column_text][vc_column_text]<\/p>\n<h2>Si vous vivez une crise de sant\u00e9 mentale, appelez :<\/h2>\n<p>[\/vc_column_text][vc_column_text el_class=\u00a0\u00bbpt-4&Prime;]Simcoe County Mental Health Crisis Line <strong><a class=\"underline\" href=\"tel:7057285044\">705-728-5044<\/a><\/strong> or <a class=\"underline\" href=\"tel:18888938333\"><strong>1-888-893-8333<\/strong><\/a> Des interpr\u00e8tes peuvent \u00eatre mis \u00e0 disposition si n\u00e9cessaire[\/vc_column_text][vc_separator color=\u00a0\u00bbcustom\u00a0\u00bb accent_color=\u00a0\u00bb#002646&Prime;][vc_column_text]Service communautaire d\u2019intervention en cas de crise (pour Simcoe-Sud et la r\u00e9gion de York) : 310-COPE at <strong><a class=\"underline\" href=\"tel:18553102673\">1-855-310-COPE (2673)<\/a> <\/strong>or ou rendez-vous au service d\u2019urgence le plus proche. Vous pouvez \u00e9galement envoyer un texto au COPE au <a class=\"underline\" href=\"tel:185553102673\"><strong>1-855-310-2673<\/strong><\/a> ou clavarder avec un <a class=\"underline\" href=\"https:\/\/yssn.ca\/cope-home\/\" target=\"_blank\" rel=\"noopener\">intervenant en situation de crise en ligne<\/a>[\/vc_column_text][vc_separator color=\u00a0\u00bbcustom\u00a0\u00bb accent_color=\u00a0\u00bb#002646&Prime;][vc_column_text]Jeunesse, J\u2019\u00e9coute au <strong><a class=\"underline\" href=\"tel:18006686868\">1-800-668-6868<\/a><\/strong> ou textez CONNECT \u00e0 <strong>686868<\/strong>[\/vc_column_text][vc_separator color=\u00a0\u00bbcustom\u00a0\u00bb accent_color=\u00a0\u00bb#002646&Prime;][vc_column_text]Ligne de d\u00e9tresse de t\u00e9l\u00e9soins pour le comt\u00e9 de Simcoe :<a class=\"underline\" href=\"tel:7057267922\"><strong>705-726-7922<\/strong><\/a> Service fourni en anglais.[\/vc_column_text][vc_separator color=\u00a0\u00bbcustom\u00a0\u00bb accent_color=\u00a0\u00bb#002646&Prime;][vc_column_text css=\u00a0\u00bb.vc_custom_1710461963724{margin-bottom: 0px !important;}\u00a0\u00bb]Si vous avez une urgence m\u00e9dicale, veuillez composer le <strong>9-1-1<\/strong> ou vous rendre \u00e0 un service d\u2019urgence ou \u00e0 un h\u00f4pital local.[\/vc_column_text][\/vc_column][\/vc_row][vc_row el_class=\u00a0\u00bbwidth-container py-5 py-lg-6 d-lg-flex\u00a0\u00bb][vc_column el_class=\u00a0\u00bbpr-lg-5 d-center\u00a0\u00bb offset=\u00a0\u00bbvc_col-md-6&Prime;][vc_single_image image=\u00a0\u00bb284&Prime; img_size=\u00a0\u00bbfull\u00a0\u00bb alignment=\u00a0\u00bbcenter\u00a0\u00bb css=\u00a0\u00bb.vc_custom_1702995052112{margin-bottom: 0px !important;}\u00a0\u00bb el_class=\u00a0\u00bbmax-450&Prime;][\/vc_column][vc_column el_class=\u00a0\u00bbpl-lg-5 pt-5 pt-lg-0 d-center\u00a0\u00bb offset=\u00a0\u00bbvc_col-md-6&Prime;][vc_column_text]<\/p>\n<h2>Vous ne trouvez pas d\u2019heure ou de jour qui vous convient ? Contactez l\u2019un de nos partenaires<\/h2>\n<p>[\/vc_column_text][vc_column_text]New Path est fier d\u2019\u00eatre partenaire de Parlons maintenant. Si notre clinique de counseling \u00e0 acc\u00e8s rapide est pleine ou n\u2019est pas disponible, vous pouvez acc\u00e9der \u00e0 un soutien psychologique virtuel par l\u2019interm\u00e9diaire d\u2019un nouveau programme appel\u00e9 TSO. Gr\u00e2ce \u00e0 Parlons maintenant, vous recevez des conseils professionnels gratuits et vous pouvez \u00e9galement \u00eatre orient\u00e9 vers des services suppl\u00e9mentaires \u00e0 New Path, si n\u00e9cessaire. Pour entrer en contact avec un clinicien par le biais de ces services, visitez <a class=\"underline\" href=\"https:\/\/onestoptalk.ca\/fr\/\" target=\"_blank\" rel=\"noopener\">onestoptalk.ca\/fr\/<\/a> ou appelez le <a class=\"underline\" href=\"tel:8554168255\">855-416-8255<\/a>[\/vc_column_text]\r\n<a id=\"\" class=\"btn btn-green\"  href=\"http:\/\/onestoptalk.ca\/fr\/\" target=\"_blank\"  > Parlons maintenant <\/a>[vc_column_text el_class=\u00a0\u00bbpt-4&Prime;]Si vous avez plus de 18 ans, ou si vous \u00eates un parent ou un tuteur \u00e0 la recherche d\u2019un soutien en sant\u00e9 mentale, il y a de l\u2019aide par l\u2019interm\u00e9diaire de 1Door disponible dans notre r\u00e9gion.[\/vc_column_text]\r\n<a id=\"\" class=\"btn btn-green\"  href=\"https:\/\/www.1door.ca\/\" target=\"_blank\"  > 1Door <\/a>[\/vc_column][\/vc_row]<\/p>\n<\/div>","protected":false},"excerpt":{"rendered":"<p>[vc_row css=\u00a0\u00bb.vc_custom_1702653806412{background-image: url(https:\/\/newpath.ca\/wp-content\/uploads\/BG.jpg?id=28) !important;background-position: center !important;background-repeat: no-repeat !important;background-size: cover !important;}\u00a0\u00bb][vc_column el_class=\u00a0\u00bbwidth-container text-white text-center py-5 py-lg-6&Prime;][vc_row_inner][vc_column_inner offset=\u00a0\u00bbvc_col-md-offset-2 vc_col-md-8&Prime;][vc_column_text] Prendre rendez-vous [\/vc_column_text][vc_column_text]Bienvenue \u00e0 la clinique de counseling d\u2019acc\u00e8s rapide de New Path pour les enfants et les&#8230;<\/p>\n","protected":false},"author":2,"featured_media":0,"parent":0,"menu_order":0,"comment_status":"closed","ping_status":"closed","template":"","meta":{"om_disable_all_campaigns":false,"_monsterinsights_skip_tracking":false,"_monsterinsights_sitenote_active":false,"_monsterinsights_sitenote_note":"","_monsterinsights_sitenote_category":0,"_uf_show_specific_survey":0,"_uf_disable_surveys":false,"site-sidebar-layout":"no-sidebar","site-content-layout":"plain-container","ast-site-content-layout":"full-width-container","site-content-style":"default","site-sidebar-style":"default","ast-global-header-display":"","ast-banner-title-visibility":"","ast-main-header-display":"","ast-hfb-above-header-display":"","ast-hfb-below-header-display":"","ast-hfb-mobile-header-display":"","site-post-title":"disabled","ast-breadcrumbs-content":"","ast-featured-img":"disabled","footer-sml-layout":"","ast-disable-related-posts":"","theme-transparent-header-meta":"default","adv-header-id-meta":"","stick-header-meta":"default","header-above-stick-meta":"","header-main-stick-meta":"","header-below-stick-meta":"","astra-migrate-meta-layouts":"set","ast-page-background-enabled":"default","ast-page-background-meta":{"desktop":{"background-color":"var(--ast-global-color-4)","background-image":"","background-repeat":"repeat","background-position":"center center","background-size":"auto","background-attachment":"scroll","background-type":"","background-media":"","overlay-type":"","overlay-color":"","overlay-opacity":"","overlay-gradient":""},"tablet":{"background-color":"","background-image":"","background-repeat":"repeat","background-position":"center center","background-size":"auto","background-attachment":"scroll","background-type":"","background-media":"","overlay-type":"","overlay-color":"","overlay-opacity":"","overlay-gradient":""},"mobile":{"background-color":"","background-image":"","background-repeat":"repeat","background-position":"center center","background-size":"auto","background-attachment":"scroll","background-type":"","background-media":"","overlay-type":"","overlay-color":"","overlay-opacity":"","overlay-gradient":""}},"ast-content-background-meta":{"desktop":{"background-color":"var(--ast-global-color-5)","background-image":"","background-repeat":"repeat","background-position":"center center","background-size":"auto","background-attachment":"scroll","background-type":"","background-media":"","overlay-type":"","overlay-color":"","overlay-opacity":"","overlay-gradient":""},"tablet":{"background-color":"var(--ast-global-color-5)","background-image":"","background-repeat":"repeat","background-position":"center center","background-size":"auto","background-attachment":"scroll","background-type":"","background-media":"","overlay-type":"","overlay-color":"","overlay-opacity":"","overlay-gradient":""},"mobile":{"background-color":"var(--ast-global-color-5)","background-image":"","background-repeat":"repeat","background-position":"center center","background-size":"auto","background-attachment":"scroll","background-type":"","background-media":"","overlay-type":"","overlay-color":"","overlay-opacity":"","overlay-gradient":""}},"footnotes":""},"class_list":["post-602","page","type-page","status-publish","hentry"],"aioseo_notices":[],"_links":{"self":[{"href":"https:\/\/newpath.ca\/fr\/wp-json\/wp\/v2\/pages\/602","targetHints":{"allow":["GET"]}}],"collection":[{"href":"https:\/\/newpath.ca\/fr\/wp-json\/wp\/v2\/pages"}],"about":[{"href":"https:\/\/newpath.ca\/fr\/wp-json\/wp\/v2\/types\/page"}],"author":[{"embeddable":true,"href":"https:\/\/newpath.ca\/fr\/wp-json\/wp\/v2\/users\/2"}],"replies":[{"embeddable":true,"href":"https:\/\/newpath.ca\/fr\/wp-json\/wp\/v2\/comments?post=602"}],"version-history":[{"count":5,"href":"https:\/\/newpath.ca\/fr\/wp-json\/wp\/v2\/pages\/602\/revisions"}],"predecessor-version":[{"id":3272,"href":"https:\/\/newpath.ca\/fr\/wp-json\/wp\/v2\/pages\/602\/revisions\/3272"}],"wp:attachment":[{"href":"https:\/\/newpath.ca\/fr\/wp-json\/wp\/v2\/media?parent=602"}],"curies":[{"name":"wp","href":"https:\/\/api.w.org\/{rel}","templated":true}]}}