{"id":2615,"date":"2024-03-10T21:25:45","date_gmt":"2024-03-11T01:25:45","guid":{"rendered":"https:\/\/newpath.ca\/?page_id=2615"},"modified":"2025-10-29T09:57:07","modified_gmt":"2025-10-29T13:57:07","slug":"resources-pour-les-individuels-2elgbtgi","status":"publish","type":"page","link":"https:\/\/newpath.ca\/fr\/resources-pour-les-individuels-2elgbtgi\/","title":{"rendered":"Resources pour les individuels 2ELGBTGI+"},"content":{"rendered":"<div class=\"wpb-content-wrapper\"><p>[vc_row css=\u00a0\u00bb.vc_custom_1702653806412{background-image: url(https:\/\/newpath.ca\/wp-content\/uploads\/BG.jpg?id=28) !important;background-position: center !important;background-repeat: no-repeat !important;background-size: cover !important;}\u00a0\u00bb][vc_column el_class=\u00a0\u00bbwidth-container text-white text-center py-5 py-lg-6&Prime;][vc_row_inner][vc_column_inner offset=\u00a0\u00bbvc_col-md-offset-2 vc_col-md-8&Prime;][vc_column_text css=\u00a0\u00bb\u00a0\u00bb]<\/p>\n<h1><strong>Ressources<\/strong><strong>&nbsp;2SLGBTQ+<\/strong><\/h1>\n<p>[\/vc_column_text][vc_column_text css=\u00a0\u00bb\u00a0\u00bb]Si tu as besoin d\u2019aide, si tu es en \u00e9tat de crise ou si tu vis une situation d\u2019urgence, sache que les ressources ci-dessous sont offertes dans le comt\u00e9 de Simcoe et les envions.[\/vc_column_text][\/vc_column_inner][\/vc_row_inner][\/vc_column][\/vc_row][vc_row el_class=\u00a0\u00bbwidth-container pt-5 pt-lg-6 green-accordion\u00a0\u00bb][vc_column]\r\n<div class=\"accordion-wrap\">\r\n\t<button class=\"accordion\"><span class=\"bold\">Le Centre Gilbert<\/span><\/button>\r\n\t<div class=\"panel closepanel\">\r\n\t\t<div class=\"panel-container\">\r\n\t\t\t<p>Le Centre Gilbert, nomm\u00e9 en l\u2019honneur de l\u2019un de ses fondateurs, Ed Gilbert, offre depuis 25&nbsp;ans une programmation et des services gratuits dans la r\u00e9gion de Simcoe Muskoka. Cet organisme communautaire sans but lucratif c\u00e9l\u00e8bre fi\u00e8rement la vie des personnes qui vivent avec le VIH et celles qui y sont touch\u00e9es, ainsi que la communaut\u00e9 des personnes et des familles lesbiennes, gaies, bisexuelles, transgenres et queers (LGBTQ). Le Centre souligne les avanc\u00e9es dans le traitement du VIH et contribue \u00e0 l\u2019\u00e9largissement de la programmation pour r\u00e9pondre aux besoins des personnes et des familles LGBTQ.<\/p>\n<p>Le Centre Gilbert offre des services sociaux et du soutien pour promouvoir l\u2019autonomie, la sant\u00e9 et la reconnaissance des personnes vivant avec le VIH ou celles touch\u00e9es par celui-ci ou par d\u2019autres infections transmissibles sexuellement (ITS), ainsi que de la communaut\u00e9 des personnes et familles LGBTQ du comt\u00e9 de Simcoe Muskoka.<\/p>\n<p><a class=\"btn btn-blue\" href=\"https:\/\/gilbertcentre.ca\/\" target=\"_blank\" rel=\"nofollow noopener\">Le Centre Gilbert | Soutien \u00e0 la communaut\u00e9 LGBTQ et aux personnes vivant avec le VIH \u00e0 Barrie, Ontario (en anglais seulement).<\/a><\/p>\n\t\t<\/div>\t\t\t\r\n\t<\/div>\r\n<\/div>\r\n<div class=\"accordion-wrap\">\r\n\t<button class=\"accordion\"><span class=\"bold\">Un guide pour les familles de jeunes transgenres<\/span><\/button>\r\n\t<div class=\"panel closepanel\">\r\n\t\t<div class=\"panel-container\">\r\n\t\t\t<p>Central Toronto Youth Services a publi\u00e9 une deuxi\u00e8me \u00e9dition de leur guide pour les familles de jeunes transgenres. Cette nouvelle \u00e9dition propose encore plus de conseils, d\u2019outils et de ressources aux familles pour les aider \u00e0 solidifier la relation avec leur jeune transgenre. Dans un monde o\u00f9 les personnes transgenres vivent encore beaucoup de discrimination, il est crucial de prendre soin de cette relation pour que le foyer familial demeure un lieu rassurant et aimant. L\u2019organisme a con\u00e7u ce guide pour aider les familles \u00e0 atteindre cet objectif.<\/p>\n<p><a class=\"btn btn-blue\" href=\"https:\/\/newpath.ca\/wp-content\/uploads\/Families-in-TRANSition.pdf\" target=\"_blank\" rel=\"nofollow noopener\">Le guide Families in TRANSition peut \u00eatre t\u00e9l\u00e9charg\u00e9 en format PDF (en anglais seulement).<\/a><\/p>\n\t\t<\/div>\t\t\t\r\n\t<\/div>\r\n<\/div>\r\n<div class=\"accordion-wrap\">\r\n\t<button class=\"accordion\"><span class=\"bold\">La d\u00e9pendance chez les personnes LGBTQ+<\/span><\/button>\r\n\t<div class=\"panel closepanel\">\r\n\t\t<div class=\"panel-container\">\r\n\t\t\t<p>Comparativement \u00e0 la population h\u00e9t\u00e9rosexuelle, les personnes LGBTQ+ vivent plus de troubles li\u00e9s \u00e0 l\u2019usage de substances psychoactives. Cela s\u2019explique entre autres par les nombreux obstacles qu\u2019elles doivent surmonter, comme se voir refuser l\u2019acc\u00e8s aux services de traitement des d\u00e9pendances en raison de leur identit\u00e9 sexuelle. Pourtant, ces traitements peuvent \u00eatre efficaces lorsque les soins fournis sont adapt\u00e9s aux besoins des personnes LGBTQ+.<\/p>\n<p><a class=\"btn btn-blue\" href=\"https:\/\/www.drugrehab.com\/guides\/lgbtq\/\" target=\"_blank\" rel=\"nofollow noopener\">DrugRehab.com Guide<\/a><\/p>\n\t\t<\/div>\t\t\t\r\n\t<\/div>\r\n<\/div>[\/vc_column][\/vc_row][vc_row content_placement=\u00a0\u00bbmiddle\u00a0\u00bb el_class=\u00a0\u00bbwidth-container pt-5 pt-lg-6 d-lg-flex\u00a0\u00bb][vc_column width=\u00a0\u00bb1\/2&Prime; el_class=\u00a0\u00bbpr-lg-5 d-center\u00a0\u00bb offset=\u00a0\u00bbvc_col-md-6&Prime;][vc_column_text css=\u00a0\u00bb\u00a0\u00bb]<\/p>\n<h2>Ressources en sant\u00e9 mentale pour les enfants et les jeunes du comt\u00e9 de Simcoe<\/h2>\n<p>[\/vc_column_text][vc_column_text css=\u00a0\u00bb\u00a0\u00bb]As-tu besoin de services de sant\u00e9 mentale?<\/p>\n<p>Est-ce que tu crois avoir besoin d\u2019aide pour ta sant\u00e9 mentale, ou crois-tu que quelqu\u2019un que tu connais en a besoin? Est-ce que tu aimerais parler \u00e0 quelqu\u2019un m\u00eame si tes besoins ne sont pas urgents?<\/p>\n<p>Jette un coup d\u2019\u0153il \u00e0 la section Ressources de services non urgents ci-dessous pour d\u00e9couvrir les services communautaires de sant\u00e9 mentale qui pourraient t\u2019\u00eatre utiles. Tu peux aussi parler \u00e0 ton m\u00e9decin de famille.<\/p>\n<p>Pour conna\u00eetre les services qui te conviendraient le mieux, compose le 211.<\/p>\n<p>Ce \u00e0 quoi tu peux t\u2019attendre&nbsp;:<\/p>\n<ul>\n<li>Suivre un processus d\u2019accueil; celui-ci peut varier d\u2019un service \u00e0 l\u2019autre<\/li>\n<li>Avoir acc\u00e8s \u00e0 un soutien en sant\u00e9 mentale par l\u2019entremise de cliniques de sant\u00e9 mentale locales<\/li>\n<\/ul>\n<p>[\/vc_column_text][\/vc_column][vc_column width=\u00a0\u00bb1\/2&Prime; el_class=\u00a0\u00bbpl-lg-5 pt-5 pt-lg-0 d-center\u00a0\u00bb][vc_single_image image=\u00a0\u00bb859&Prime; img_size=\u00a0\u00bbfull\u00a0\u00bb alignment=\u00a0\u00bbcenter\u00a0\u00bb el_class=\u00a0\u00bbmax-450&Prime;][\/vc_column][\/vc_row][vc_row el_class=\u00a0\u00bbwidth-container pt-5 pt-lg-6 green-accordion\u00a0\u00bb][vc_column][vc_column_text css=\u00a0\u00bb\u00a0\u00bb]<\/p>\n<h2>Ressources de services non urgents<\/h2>\n<p>[\/vc_column_text]\r\n<div class=\"accordion-wrap\">\r\n\t<button class=\"accordion\"><span class=\"bold\">La Cl\u00e9<\/span><\/button>\r\n\t<div class=\"panel closepanel\">\r\n\t\t<div class=\"panel-container\">\r\n\t\t\t<ul>\n<li>Services en fran\u00e7ais<\/li>\n<li>\u00c9valuation\/counseling en mati\u00e8re de sant\u00e9 mentale<\/li>\n<li>Programmes ax\u00e9s sur la gestion de l\u2019anxi\u00e9t\u00e9 et des humeurs<\/li>\n<\/ul>\n<p><a class=\"btn btn-blue\" href=\"https:\/\/lacle.ca\/\" target=\"_blank\" rel=\"nofollow noopener\">La Cl\u00e9<\/a><\/p>\n\t\t<\/div>\t\t\t\r\n\t<\/div>\r\n<\/div>\r\n<div class=\"accordion-wrap\">\r\n\t<button class=\"accordion\"><span class=\"bold\">Kinark Child and Youth Services<\/span><\/button>\r\n\t<div class=\"panel closepanel\">\r\n\t\t<div class=\"panel-container\">\r\n\t\t\t<ul>\n<li>Individual and Family Therapy<\/li>\n<li>Group Programs (anxiety)<\/li>\n<li>Parenting Strategies<\/li>\n<li>Behavioural Supports (SNAP)<\/li>\n<li>School-Based Services<\/li>\n<li>Residential Treatment<\/li>\n<li>In-home Service<\/li>\n<\/ul>\n<p><a class=\"btn btn-blue\" href=\"https:\/\/www.kinark.on.ca\/\" target=\"_blank\" rel=\"nofollow noopener\">Kinark Child and Youth Services<\/a><\/p>\n\t\t<\/div>\t\t\t\r\n\t<\/div>\r\n<\/div>\r\n<div class=\"accordion-wrap\">\r\n\t<button class=\"accordion\"><span class=\"bold\">Association canadienne pour la sant\u00e9 mentale<\/span><\/button>\r\n\t<div class=\"panel closepanel\">\r\n\t\t<div class=\"panel-container\">\r\n\t\t\t<ul>\n<li>Case Management (Youth 16-24)<\/li>\n<li>First Episode Psychosis Services<\/li>\n<\/ul>\n<p><a class=\"btn btn-blue\" href=\"https:\/\/ontario.cmha.ca\/youth-mental-health-programs\/\" target=\"_blank\" rel=\"nofollow noopener\">Canadian Mental Health Association<\/a><\/p>\n\t\t<\/div>\t\t\t\r\n\t<\/div>\r\n<\/div>\r\n<div class=\"accordion-wrap\">\r\n\t<button class=\"accordion\"><span class=\"bold\">R\u00e9seau de traitement pour enfants<\/span><\/button>\r\n\t<div class=\"panel closepanel\">\r\n\t\t<div class=\"panel-container\">\r\n\t\t\t<ul>\n<li>Soutien \u00e0 long terme pour les enfants ayant des besoins particuliers<\/li>\n<li>Acc\u00e8s au Programme ontarien des services en mati\u00e8re d\u2019autisme<\/li>\n<\/ul>\n<p><a class=\"btn btn-blue\" href=\"https:\/\/www.ctnsy.ca\/\" target=\"_blank\" rel=\"nofollow noopener\">R\u00e9seau de traitement pour enfants<\/a><\/p>\n\t\t<\/div>\t\t\t\r\n\t<\/div>\r\n<\/div>\r\n<div class=\"accordion-wrap\">\r\n\t<button class=\"accordion\"><span class=\"bold\">Enaahtig Healing Lodge & Learning Centre<\/span><\/button>\r\n\t<div class=\"panel closepanel\">\r\n\t\t<div class=\"panel-container\">\r\n\t\t\t<ul>\n<li>Services ax\u00e9s sur les besoins des Autochtones<\/li>\n<li>Gestion de cas pour les jeunes et les familles<\/li>\n<li>Th\u00e9rapie\/counseling individuel<\/li>\n<li>Programmes en \u00e9tablissement pour les jeunes et les familles<\/li>\n<\/ul>\n<p><a class=\"btn btn-blue\" href=\"https:\/\/www.enaahtig.ca\/\" target=\"_blank\" rel=\"nofollow noopener\">Enaahtig Healing Lodge &amp; Learning Centre<\/a><\/p>\n\t\t<\/div>\t\t\t\r\n\t<\/div>\r\n<\/div>\r\n<div class=\"accordion-wrap\">\r\n\t<button class=\"accordion\"><span class=\"bold\">Services communautaires de counseling en sant\u00e9 mentale<\/span><\/button>\r\n\t<div class=\"panel closepanel\">\r\n\t\t<div class=\"panel-container\">\r\n\t\t\t<p><a class=\"btn btn-blue\" href=\"http:\/\/www.newpath.ca\" target=\"_blank\" rel=\"nofollow noopener\">New Path Youth and Family Services&nbsp;<\/a><\/p>\n<p><a class=\"btn btn-blue\" href=\"https:\/\/cmhastarttalking.ca\/\" target=\"_blank\" rel=\"nofollow noopener\">Canadian Mental Health Association (CMHA)<\/a><\/p>\n<p><a class=\"btn btn-blue\" href=\"http:\/\/www.cfssc.ca\" target=\"_blank\" rel=\"nofollow noopener\">Catholic Family Services<\/a><\/p>\n\t\t<\/div>\t\t\t\r\n\t<\/div>\r\n<\/div>[\/vc_column][\/vc_row][vc_row el_class=\u00a0\u00bbwidth-container py-5 py-lg-6&Prime;][vc_column offset=\u00a0\u00bbvc_col-md-6&Prime; el_class=\u00a0\u00bbpr-lg-5&Prime;][vc_column_text css=\u00a0\u00bb\u00a0\u00bb]<\/p>\n<h2><strong>Ressources de services urgents<\/strong><\/h2>\n<p>[\/vc_column_text][vc_column_text css=\u00a0\u00bb\u00a0\u00bb]Tu es dans une situation qui ne met pas la vie en danger (ou tu connais quelqu\u2019un qui est dans une telle situation)&nbsp;et&nbsp;:<\/p>\n<ul>\n<li>tu vis une situation de perturbation \u00e9motionnelle ou de d\u00e9tresse comportementale<\/li>\n<li>tu songes \u00e0 t\u2019infliger des blessures ou \u00e0 en infliger aux autres, ou en parles<\/li>\n<li>tu es d\u00e9sorient\u00e9(e)\/d\u00e9tach\u00e9(e) de la r\u00e9alit\u00e9;<\/li>\n<li>tu es incapable de bien fonctionner<\/li>\n<li>tu es agit\u00e9(e) et incapable de te calmer<\/li>\n<\/ul>\n<p>[\/vc_column_text][\/vc_column][vc_column offset=\u00a0\u00bbvc_col-md-6&Prime; el_class=\u00a0\u00bbpl-lg-5 pt-4 pt-lg-0&Prime;][vc_column_text css=\u00a0\u00bb\u00a0\u00bb]<\/p>\n<h2>Ce \u00e0 quoi vous pouvez vous attendre :<\/h2>\n<p>[\/vc_column_text][vc_column_text css=\u00a0\u00bb\u00a0\u00bb]<\/p>\n<ul>\n<li>une r\u00e9ponse par t\u00e9l\u00e9phone environ une heure apr\u00e8s ton appel durant les heures normales de bureau, ou le prochain jour ouvrable en dehors des heures de bureau<\/li>\n<li>une \u00e9valuation du risque et l\u2019\u00e9laboration d\u2019un plan de s\u00e9curit\u00e9 au besoin<\/li>\n<li>un soutien lors du cong\u00e9 de l\u2019h\u00f4pital et de la prise en charge par l\u2019\u00e9quipe communautaire<\/li>\n<\/ul>\n<p>[\/vc_column_text][vc_column_text css=\u00a0\u00bb\u00a0\u00bb el_class=\u00a0\u00bbpt-4&Prime;]<\/p>\n<h2>Services de crise 24\/7\/365<\/h2>\n<p>[\/vc_column_text][vc_column_text css=\u00a0\u00bb.vc_custom_1710169629623{margin-bottom: 0px !important;}\u00a0\u00bb]<\/p>\n<ul>\n<li>Simcoe County:\u00a0<a class=\"underline\" href=\"tel:18888938333\">1-888-893-8333<\/a><\/li>\n<li>Muskoka: <a class=\"underline\" href=\"tel:18442879072\">1-844-287-9072<\/a><\/li>\n<li>Bradford: <a class=\"underline\" href=\"tel:18883102679\">1-888-310-COPE (2679)<\/a><\/li>\n<\/ul>\n<p>[\/vc_column_text][\/vc_column][\/vc_row][vc_row el_class=\u00a0\u00bbwidth-container\u00a0\u00bb][vc_column el_class=\u00a0\u00bbbackground-navy px-4 py-5 px-lg-5 border-radius text-center\u00a0\u00bb offset=\u00a0\u00bbvc_col-md-offset-1 vc_col-md-10&Prime;][vc_column_text css=\u00a0\u00bb\u00a0\u00bb el_class=\u00a0\u00bbtext-white\u00a0\u00bb]<\/p>\n<h2>As-tu besoin de services d\u2019urgence?<\/h2>\n<p>[\/vc_column_text][vc_column_text css=\u00a0\u00bb\u00a0\u00bb el_class=\u00a0\u00bbtext-white\u00a0\u00bb]Tu es dans une situation mettant la vie en danger (ou tu connais quelqu\u2019un qui est dans une telle situation) et&nbsp;:<\/p>\n<p>&#8211;&nbsp; tu menaces actuellement de t\u2019infliger des blessures ou d\u2019en infliger aux autres<\/p>\n<p>&#8211;&nbsp; tu es gravement d\u00e9sorient\u00e9(e) ou d\u00e9tach\u00e9(e) de la r\u00e9alit\u00e9<\/p>\n<p>&#8211;&nbsp; tu es incapable de dresser un plan de s\u00e9curit\u00e9<\/p>\n<p>&#8211;&nbsp; tu es absolument incapable de bien fonctionner<\/p>\n<p>&#8211;&nbsp; tu es d\u00e9sempar\u00e9(e) et hors de contr\u00f4le<\/p>\n<p><strong>S\u2019il s\u2019agit d\u2019une urgence, va \u00e0 l\u2019h\u00f4pital le plus proche ou COMPOSE LE 911.<\/strong>[\/vc_column_text][\/vc_column][\/vc_row][vc_row el_class=\u00a0\u00bbwidth-container py-5 py-lg-6 d-lg-flex\u00a0\u00bb][vc_column offset=\u00a0\u00bbvc_col-md-6&Prime; el_class=\u00a0\u00bbpr-lg-5 d-center\u00a0\u00bb][vc_single_image image=\u00a0\u00bb512&Prime; img_size=\u00a0\u00bbfull\u00a0\u00bb alignment=\u00a0\u00bbcenter\u00a0\u00bb css=\u00a0\u00bb.vc_custom_1710119579109{margin-bottom: 0px !important;}\u00a0\u00bb][\/vc_column][vc_column offset=\u00a0\u00bbvc_col-md-6&Prime; el_class=\u00a0\u00bbpl-lg-5 pt-5 pt-lg-0 d-center\u00a0\u00bb][vc_column_text css=\u00a0\u00bb\u00a0\u00bb]<\/p>\n<h2><strong>Comment obtenir les services de counseling en sant\u00e9 mentale gratuits de New Path<\/strong><\/h2>\n<p>[\/vc_column_text][vc_column_text css=\u00a0\u00bb\u00a0\u00bb]Obtiens des services de counseling gratuits en cliquant sur le lien ci-dessous. Les rendez-vous sont offerts en personne, par t\u00e9l\u00e9phone ou en ligne. On peut prendre rendez-vous jusqu\u2019\u00e0 deux semaines \u00e0 l\u2019avance ou le jour m\u00eame.[\/vc_column_text][vc_column_text css=\u00a0\u00bb\u00a0\u00bb]Si tu as besoin de plus d\u2019aide ou si tu as des questions, appelle-nous au <a class=\"underline\" href=\"tel:7057257656\">705-725-7656<\/a> ou envoie-nous un courriel \u00e0 <a class=\"underline\" href=\"mailto:info@newpath.ca\" target=\"_blank\" rel=\"noopener\">info@newpath.ca<\/a>[\/vc_column_text]\r\n<a id=\"\" class=\"btn btn-green\"  href=\"https:\/\/search.caredove.com\/service\/26056\/request\" target=\"_blank\"  > Prendre rendez-vous <\/a>[\/vc_column][\/vc_row]<\/p>\n<\/div>","protected":false},"excerpt":{"rendered":"<p>[vc_row css=\u00a0\u00bb.vc_custom_1702653806412{background-image: url(https:\/\/newpath.ca\/wp-content\/uploads\/BG.jpg?id=28) !important;background-position: center !important;background-repeat: no-repeat !important;background-size: cover !important;}\u00a0\u00bb][vc_column el_class=\u00a0\u00bbwidth-container text-white text-center py-5 py-lg-6&Prime;][vc_row_inner][vc_column_inner offset=\u00a0\u00bbvc_col-md-offset-2 vc_col-md-8&Prime;][vc_column_text css=\u00a0\u00bb\u00a0\u00bb] Ressources&nbsp;2SLGBTQ+ [\/vc_column_text][vc_column_text css=\u00a0\u00bb\u00a0\u00bb]Si tu as besoin d\u2019aide, si tu es en \u00e9tat de crise ou si tu&#8230;<\/p>\n","protected":false},"author":2,"featured_media":0,"parent":0,"menu_order":0,"comment_status":"closed","ping_status":"closed","template":"","meta":{"om_disable_all_campaigns":false,"_monsterinsights_skip_tracking":false,"_monsterinsights_sitenote_active":false,"_monsterinsights_sitenote_note":"","_monsterinsights_sitenote_category":0,"_uf_show_specific_survey":0,"_uf_disable_surveys":false,"site-sidebar-layout":"no-sidebar","site-content-layout":"plain-container","ast-site-content-layout":"full-width-container","site-content-style":"default","site-sidebar-style":"default","ast-global-header-display":"","ast-banner-title-visibility":"","ast-main-header-display":"","ast-hfb-above-header-display":"","ast-hfb-below-header-display":"","ast-hfb-mobile-header-display":"","site-post-title":"disabled","ast-breadcrumbs-content":"","ast-featured-img":"disabled","footer-sml-layout":"","ast-disable-related-posts":"","theme-transparent-header-meta":"default","adv-header-id-meta":"","stick-header-meta":"default","header-above-stick-meta":"","header-main-stick-meta":"","header-below-stick-meta":"","astra-migrate-meta-layouts":"set","ast-page-background-enabled":"default","ast-page-background-meta":{"desktop":{"background-color":"var(--ast-global-color-4)","background-image":"","background-repeat":"repeat","background-position":"center center","background-size":"auto","background-attachment":"scroll","background-type":"","background-media":"","overlay-type":"","overlay-color":"","overlay-opacity":"","overlay-gradient":""},"tablet":{"background-color":"","background-image":"","background-repeat":"repeat","background-position":"center center","background-size":"auto","background-attachment":"scroll","background-type":"","background-media":"","overlay-type":"","overlay-color":"","overlay-opacity":"","overlay-gradient":""},"mobile":{"background-color":"","background-image":"","background-repeat":"repeat","background-position":"center center","background-size":"auto","background-attachment":"scroll","background-type":"","background-media":"","overlay-type":"","overlay-color":"","overlay-opacity":"","overlay-gradient":""}},"ast-content-background-meta":{"desktop":{"background-color":"var(--ast-global-color-5)","background-image":"","background-repeat":"repeat","background-position":"center center","background-size":"auto","background-attachment":"scroll","background-type":"","background-media":"","overlay-type":"","overlay-color":"","overlay-opacity":"","overlay-gradient":""},"tablet":{"background-color":"var(--ast-global-color-5)","background-image":"","background-repeat":"repeat","background-position":"center center","background-size":"auto","background-attachment":"scroll","background-type":"","background-media":"","overlay-type":"","overlay-color":"","overlay-opacity":"","overlay-gradient":""},"mobile":{"background-color":"var(--ast-global-color-5)","background-image":"","background-repeat":"repeat","background-position":"center center","background-size":"auto","background-attachment":"scroll","background-type":"","background-media":"","overlay-type":"","overlay-color":"","overlay-opacity":"","overlay-gradient":""}},"footnotes":""},"class_list":["post-2615","page","type-page","status-publish","hentry"],"aioseo_notices":[],"_links":{"self":[{"href":"https:\/\/newpath.ca\/fr\/wp-json\/wp\/v2\/pages\/2615","targetHints":{"allow":["GET"]}}],"collection":[{"href":"https:\/\/newpath.ca\/fr\/wp-json\/wp\/v2\/pages"}],"about":[{"href":"https:\/\/newpath.ca\/fr\/wp-json\/wp\/v2\/types\/page"}],"author":[{"embeddable":true,"href":"https:\/\/newpath.ca\/fr\/wp-json\/wp\/v2\/users\/2"}],"replies":[{"embeddable":true,"href":"https:\/\/newpath.ca\/fr\/wp-json\/wp\/v2\/comments?post=2615"}],"version-history":[{"count":5,"href":"https:\/\/newpath.ca\/fr\/wp-json\/wp\/v2\/pages\/2615\/revisions"}],"predecessor-version":[{"id":5315,"href":"https:\/\/newpath.ca\/fr\/wp-json\/wp\/v2\/pages\/2615\/revisions\/5315"}],"wp:attachment":[{"href":"https:\/\/newpath.ca\/fr\/wp-json\/wp\/v2\/media?parent=2615"}],"curies":[{"name":"wp","href":"https:\/\/api.w.org\/{rel}","templated":true}]}}