{"id":1148,"date":"2024-01-04T11:54:40","date_gmt":"2024-01-04T16:54:40","guid":{"rendered":"https:\/\/newpath.ca\/?page_id=1148"},"modified":"2025-12-23T15:57:25","modified_gmt":"2025-12-23T20:57:25","slug":"our-board","status":"publish","type":"page","link":"https:\/\/newpath.ca\/fr\/our-board\/","title":{"rendered":"Our Board"},"content":{"rendered":"<div class=\"wpb-content-wrapper\"><p>[vc_row css=\u00a0\u00bb.vc_custom_1702653806412{background-image: url(https:\/\/newpath.ca\/wp-content\/uploads\/BG.jpg?id=28) !important;background-position: center !important;background-repeat: no-repeat !important;background-size: cover !important;}\u00a0\u00bb][vc_column el_class=\u00a0\u00bbwidth-container text-white text-center py-5 py-lg-6&Prime;][vc_row_inner][vc_column_inner offset=\u00a0\u00bbvc_col-md-offset-2 vc_col-md-8&Prime;][vc_column_text css=\u00a0\u00bb\u00a0\u00bb]<\/p>\n<h1><strong>Au sujet de notre conseil d\u2019administration<\/strong><\/h1>\n<p>[\/vc_column_text][vc_column_text css=\u00a0\u00bb.vc_custom_1766523271245{margin-bottom: 0px !important;}\u00a0\u00bb]Le conseil d\u2019administration de New Path est compos\u00e9 de b\u00e9n\u00e9voles venant d\u2019un bout \u00e0 l\u2019autre du comt\u00e9 de Simcoe. Les membres du conseil ont l\u2019occasion de contribuer \u00e0 la cr\u00e9ation d\u2019un avenir meilleur pour les enfants et les jeunes du comt\u00e9 de Simcoe qui ont des besoins en mati\u00e8re de sant\u00e9 mentale, ainsi que pour leur famille et les personnes qui s\u2019occupent d\u2019eux.[\/vc_column_text][\/vc_column_inner][\/vc_row_inner][\/vc_column][\/vc_row][vc_row el_class=\u00a0\u00bbpy-5 py-lg-6 width-container\u00a0\u00bb][vc_column el_class=\u00a0\u00bbtext-center\u00a0\u00bb offset=\u00a0\u00bbvc_col-md-offset-2 vc_col-md-8&Prime;][vc_column_text css=\u00a0\u00bb\u00a0\u00bb]<\/p>\n<h2><strong>Cette exp\u00e9rience vous int\u00e9resse?<\/strong><\/h2>\n<p>[\/vc_column_text][vc_column_text css=\u00a0\u00bb.vc_custom_1766523343501{margin-bottom: 35px !important;}\u00a0\u00bb]Recherchez-vous une occasion de mettre \u00e0 profit vos exp\u00e9riences et vos comp\u00e9tences en leadership pour am\u00e9liorer la vie des enfants et des jeunes du comt\u00e9 de Simcoe ainsi que celle de leur famille et des personnes qui s\u2019occupent d\u2019eux?<\/p>\n<p>Si oui, New Path vous invite \u00e0 poser votre candidature pour si\u00e9ger \u00e0 son conseil d\u2019administration en tant que b\u00e9n\u00e9vole.[\/vc_column_text]\r\n<a id=\"\" class=\"btn btn-green\"  href=\"https:\/\/newpath.ca\/fr\/get-involved\/join-our-board\/\" target=\"_self\"  > Joignez-vous au conseil <\/a>[\/vc_column][\/vc_row][vc_row gap=\u00a0\u00bb25&Prime; el_class=\u00a0\u00bbwidth-container\u00a0\u00bb][vc_column offset=\u00a0\u00bbvc_col-md-4&Prime;][vc_single_image image=\u00a0\u00bb1453&Prime; img_size=\u00a0\u00bbfull\u00a0\u00bb alignment=\u00a0\u00bbcenter\u00a0\u00bb onclick=\u00a0\u00bbcustom_link\u00a0\u00bb link=\u00a0\u00bbhttps:\/\/newpath.ca\/fr\/our-board\/desiree-burke\/\u00a0\u00bb][vc_column_text el_class=\u00a0\u00bbtext-center\u00a0\u00bb]<\/p>\n<h3 class=\"mb-0\"><a class=\"underline\" href=\"\/our-board\/desiree-burke\/\">Desiree Burke<\/a><\/h3>\n<p>Board Chair[\/vc_column_text][\/vc_column][vc_column offset=\u00a0\u00bbvc_col-md-4&Prime;][vc_single_image image=\u00a0\u00bb1455&Prime; img_size=\u00a0\u00bbfull\u00a0\u00bb alignment=\u00a0\u00bbcenter\u00a0\u00bb onclick=\u00a0\u00bbcustom_link\u00a0\u00bb link=\u00a0\u00bbhttps:\/\/newpath.ca\/fr\/our-board\/laura-kloosterman\/\u00a0\u00bb][vc_column_text el_class=\u00a0\u00bbtext-center\u00a0\u00bb]<\/p>\n<h3 class=\"mb-0\"><a class=\"underline\" href=\"\/our-board\/laura-kloosterman\/\">Laura Kloosterman<\/a><\/h3>\n<p>Board Vice Chair[\/vc_column_text][\/vc_column][vc_column offset=\u00a0\u00bbvc_col-md-4&Prime;][vc_single_image image=\u00a0\u00bb1457&Prime; img_size=\u00a0\u00bbfull\u00a0\u00bb alignment=\u00a0\u00bbcenter\u00a0\u00bb onclick=\u00a0\u00bbcustom_link\u00a0\u00bb link=\u00a0\u00bbhttps:\/\/newpath.ca\/fr\/our-board\/dale-boyle\/\u00a0\u00bb][vc_column_text el_class=\u00a0\u00bbtext-center\u00a0\u00bb]<\/p>\n<h3 class=\"mb-0\"><a class=\"underline\" href=\"\/our-board\/dale-boyle\/\">Dale Boyle<\/a><\/h3>\n<p>Past Board Chair[\/vc_column_text][\/vc_column][\/vc_row][vc_row gap=\u00a0\u00bb25&Prime; el_class=\u00a0\u00bbwidth-container\u00a0\u00bb][vc_column offset=\u00a0\u00bbvc_col-md-4&Prime;][vc_single_image image=\u00a0\u00bb1459&Prime; img_size=\u00a0\u00bbfull\u00a0\u00bb alignment=\u00a0\u00bbcenter\u00a0\u00bb onclick=\u00a0\u00bbcustom_link\u00a0\u00bb link=\u00a0\u00bbhttps:\/\/newpath.ca\/fr\/our-board\/rick-mchale\/\u00a0\u00bb][vc_column_text el_class=\u00a0\u00bbtext-center\u00a0\u00bb]<\/p>\n<h3 class=\"mb-0\"><a class=\"underline\" href=\"\/our-board\/rick-mchale\/\">Rick McHale<\/a><\/h3>\n<p>Audit Committee Chair[\/vc_column_text][\/vc_column][vc_column offset=\u00a0\u00bbvc_col-md-4&Prime;][vc_single_image image=\u00a0\u00bb1461&Prime; img_size=\u00a0\u00bbfull\u00a0\u00bb alignment=\u00a0\u00bbcenter\u00a0\u00bb onclick=\u00a0\u00bbcustom_link\u00a0\u00bb link=\u00a0\u00bbhttps:\/\/newpath.ca\/fr\/our-board\/paul-shervill\/\u00a0\u00bb][vc_column_text el_class=\u00a0\u00bbtext-center\u00a0\u00bb]<\/p>\n<h3 class=\"mb-0\"><a class=\"underline\" href=\"\/our-board\/paul-shervill\/\">Paul Shervill<\/a><\/h3>\n<p>Board Governance Chair[\/vc_column_text][\/vc_column][vc_column offset=\u00a0\u00bbvc_col-md-4&Prime;][vc_single_image image=\u00a0\u00bb1463&Prime; img_size=\u00a0\u00bbfull\u00a0\u00bb alignment=\u00a0\u00bbcenter\u00a0\u00bb onclick=\u00a0\u00bbcustom_link\u00a0\u00bb link=\u00a0\u00bbhttps:\/\/newpath.ca\/fr\/our-board\/amanda-palermo\/\u00a0\u00bb][vc_column_text el_class=\u00a0\u00bbtext-center\u00a0\u00bb]<\/p>\n<h3 class=\"mb-0\"><a class=\"underline\" href=\"\/our-board\/amanda-palermo\/\">Amanda Palermo<\/a><\/h3>\n<p>Board Development Chair[\/vc_column_text][\/vc_column][\/vc_row][vc_row gap=\u00a0\u00bb25&Prime; el_class=\u00a0\u00bbwidth-container\u00a0\u00bb][vc_column offset=\u00a0\u00bbvc_col-md-4&Prime;][vc_single_image image=\u00a0\u00bb1465&Prime; img_size=\u00a0\u00bbfull\u00a0\u00bb alignment=\u00a0\u00bbcenter\u00a0\u00bb onclick=\u00a0\u00bbcustom_link\u00a0\u00bb link=\u00a0\u00bbhttps:\/\/newpath.ca\/fr\/our-board\/shannon-dawson\/\u00a0\u00bb][vc_column_text el_class=\u00a0\u00bbtext-center\u00a0\u00bb]<\/p>\n<h3 class=\"mb-0\"><a class=\"underline\" href=\"\/our-board\/shannon-dawson\/\">Shannon Dawson<\/a><\/h3>\n<p>Director[\/vc_column_text][\/vc_column][vc_column offset=\u00a0\u00bbvc_col-md-4&Prime;][vc_single_image image=\u00a0\u00bb1467&Prime; img_size=\u00a0\u00bbfull\u00a0\u00bb alignment=\u00a0\u00bbcenter\u00a0\u00bb onclick=\u00a0\u00bbcustom_link\u00a0\u00bb link=\u00a0\u00bbhttps:\/\/newpath.ca\/fr\/our-board\/tim-gronfors\/\u00a0\u00bb][vc_column_text el_class=\u00a0\u00bbtext-center\u00a0\u00bb]<\/p>\n<h3 class=\"mb-0\"><a class=\"underline\" href=\"\/our-board\/tim-gronfors\/\">Tim Gronfors<\/a><\/h3>\n<p>Director[\/vc_column_text][\/vc_column][vc_column offset=\u00a0\u00bbvc_col-md-4&Prime;][vc_single_image image=\u00a0\u00bb1469&Prime; img_size=\u00a0\u00bbfull\u00a0\u00bb alignment=\u00a0\u00bbcenter\u00a0\u00bb onclick=\u00a0\u00bbcustom_link\u00a0\u00bb link=\u00a0\u00bbhttps:\/\/newpath.ca\/fr\/our-board\/agnes-maclachlan\/\u00a0\u00bb][vc_column_text el_class=\u00a0\u00bbtext-center\u00a0\u00bb]<\/p>\n<h3 class=\"mb-0\"><a class=\"underline\" href=\"\/our-board\/agnes-maclachlan\/\">Agnes MacLachlan<\/a><\/h3>\n<p>Director[\/vc_column_text][\/vc_column][\/vc_row][vc_row gap=\u00a0\u00bb25&Prime; el_class=\u00a0\u00bbwidth-container\u00a0\u00bb][vc_column offset=\u00a0\u00bbvc_col-md-4&Prime;][vc_single_image image=\u00a0\u00bb3576&Prime; img_size=\u00a0\u00bbfull\u00a0\u00bb alignment=\u00a0\u00bbcenter\u00a0\u00bb onclick=\u00a0\u00bbcustom_link\u00a0\u00bb css=\u00a0\u00bb\u00a0\u00bb link=\u00a0\u00bbhttps:\/\/newpath.ca\/fr\/our-board\/gobind-richie-singh\/\u00a0\u00bb][vc_column_text el_class=\u00a0\u00bbtext-center\u00a0\u00bb]<\/p>\n<h3 class=\"mb-0\"><a class=\"underline\" href=\"\/our-board\/gobind-richie-singh\/\">Gobind (Richie) Singh<\/a><\/h3>\n<p>Director[\/vc_column_text][\/vc_column][vc_column offset=\u00a0\u00bbvc_col-md-4&Prime;][vc_single_image image=\u00a0\u00bb1522&Prime; img_size=\u00a0\u00bbfull\u00a0\u00bb alignment=\u00a0\u00bbcenter\u00a0\u00bb onclick=\u00a0\u00bbcustom_link\u00a0\u00bb link=\u00a0\u00bbhttps:\/\/newpath.ca\/fr\/our-board\/darryl-paul\/\u00a0\u00bb][vc_column_text el_class=\u00a0\u00bbtext-center\u00a0\u00bb]<\/p>\n<h3 class=\"mb-0\"><a class=\"underline\" href=\"\/our-board\/darryl-paul\/\">Darryl Paul<\/a><\/h3>\n<p>Director[\/vc_column_text][\/vc_column][vc_column offset=\u00a0\u00bbvc_col-md-4&Prime;][vc_single_image image=\u00a0\u00bb1550&Prime; img_size=\u00a0\u00bbfull\u00a0\u00bb alignment=\u00a0\u00bbcenter\u00a0\u00bb onclick=\u00a0\u00bbcustom_link\u00a0\u00bb link=\u00a0\u00bbhttps:\/\/newpath.ca\/fr\/our-board\/megan-orourke\/\u00a0\u00bb][vc_column_text el_class=\u00a0\u00bbtext-center\u00a0\u00bb]<\/p>\n<h3 class=\"mb-0\"><a class=\"underline\" href=\"\/our-board\/megan-orourke\/\">Megan O&rsquo;Rourke<\/a><\/h3>\n<p>Director[\/vc_column_text][\/vc_column][\/vc_row][vc_row gap=\u00a0\u00bb25&Prime; el_class=\u00a0\u00bbwidth-container\u00a0\u00bb][vc_column offset=\u00a0\u00bbvc_col-md-4&Prime;][vc_single_image image=\u00a0\u00bb3579&Prime; img_size=\u00a0\u00bbfull\u00a0\u00bb onclick=\u00a0\u00bbcustom_link\u00a0\u00bb css=\u00a0\u00bb\u00a0\u00bb link=\u00a0\u00bbhttps:\/\/newpath.ca\/fr\/our-board\/kulbir-dhaliwal\/\u00a0\u00bb][vc_column_text css=\u00a0\u00bb\u00a0\u00bb el_class=\u00a0\u00bbtext-center\u00a0\u00bb]<\/p>\n<h3 class=\"mb-0\"><a class=\"underline\" href=\"https:\/\/newpath.ca\/our-board\/kulbir-dhaliwal\/\" target=\"_blank\" rel=\"noopener\">Kulbir Dhaliwal<\/a><\/h3>\n<p>Director[\/vc_column_text][\/vc_column][vc_column offset=\u00a0\u00bbvc_col-md-4&Prime;][\/vc_column][vc_column offset=\u00a0\u00bbvc_col-md-4&Prime;][\/vc_column][\/vc_row][vc_row gap=\u00a0\u00bb25&Prime; el_class=\u00a0\u00bbwidth-container\u00a0\u00bb][vc_column offset=\u00a0\u00bbvc_col-md-4&Prime;][\/vc_column][vc_column offset=\u00a0\u00bbvc_col-md-4&Prime;][\/vc_column][vc_column offset=\u00a0\u00bbvc_col-md-4&Prime;][\/vc_column][\/vc_row][vc_row el_class=\u00a0\u00bbwidth-container py-5 py-lg-6&Prime;][vc_column el_class=\u00a0\u00bbbackground-navy px-4 py-5 px-lg-5 border-radius text-center\u00a0\u00bb offset=\u00a0\u00bbvc_col-md-offset-1 vc_col-md-10&Prime;][vc_column_text el_class=\u00a0\u00bbtext-white\u00a0\u00bb]<\/p>\n<h2>The Board of Directors support our vision of healthy, thriving and connected communities that support personal growth and wellbeing.<\/h2>\n<p>[\/vc_column_text][vc_column_text el_class=\u00a0\u00bbtext-white\u00a0\u00bb]Here at New Path, our volunteer Board of Directors is made up of up to 15 individuals from across Simcoe County. Board members have an opportunity to contribute to building better futures for children and youth, their families and caregivers in Simcoe County with mental health needs.[\/vc_column_text]\r\n<a id=\"\" class=\"btn btn-white m-0\"  href=\"\/who-we-are\/\" target=\"_self\"  > Who We Are <\/a>[\/vc_column][\/vc_row][vc_row css=\u00a0\u00bb.vc_custom_1704387517289{background-image: url(https:\/\/newpath.ca\/wp-content\/uploads\/green-form-background.jpg?id=309) !important;background-position: center !important;background-repeat: no-repeat !important;background-size: cover !important;}\u00a0\u00bb el_class=\u00a0\u00bbbackground-top background-green\u00a0\u00bb el_id=\u00a0\u00bbpartners-funders\u00a0\u00bb][vc_column el_class=\u00a0\u00bbwidth-container py-5 py-lg-6&Prime;][vc_column_text css=\u00a0\u00bb.vc_custom_1704389226936{margin-bottom: 0px !important;}\u00a0\u00bb el_class=\u00a0\u00bbtext-center\u00a0\u00bb]<\/p>\n<h2>Our Partners And Funders<\/h2>\n<p>[\/vc_column_text][vc_row_inner el_class=\u00a0\u00bbpt-5 pt-lg-6 d-lg-flex\u00a0\u00bb][vc_column_inner el_class=\u00a0\u00bbpl-lg-5 d-center order-last\u00a0\u00bb offset=\u00a0\u00bbvc_col-md-6&Prime;][vc_single_image image=\u00a0\u00bb1308&Prime; img_size=\u00a0\u00bbfull\u00a0\u00bb alignment=\u00a0\u00bbcenter\u00a0\u00bb css=\u00a0\u00bb.vc_custom_1704741679922{margin-bottom: 0px !important;}\u00a0\u00bb][\/vc_column_inner][vc_column_inner el_class=\u00a0\u00bbpr-lg-5 pt-5 pt-lg-0 text-center d-center\u00a0\u00bb offset=\u00a0\u00bbvc_col-md-6&Prime;][vc_column_text]<\/p>\n<h3>Our Funders<\/h3>\n<p>[\/vc_column_text][vc_column_text css=\u00a0\u00bb.vc_custom_1736258898436{margin-bottom: 0px !important;}\u00a0\u00bb]New Path is funded through the Ministry of Health (MOH) and the Ministry of Children, Community and Social Services (MCCSS) to offer fully funded child and youth mental health services when and where you need them. We also receive support from <span data-olk-copy-source=\"MessageBody\">The County of Simcoe, Royal Victoria Regional Health Centre, The Knowledge Institute, The Government of Canada and Medavie.<\/span>[\/vc_column_text][\/vc_column_inner][\/vc_row_inner][vc_row_inner el_class=\u00a0\u00bbpt-5 pt-lg-6 d-lg-flex\u00a0\u00bb][vc_column_inner el_class=\u00a0\u00bbpr-lg-5 d-center\u00a0\u00bb offset=\u00a0\u00bbvc_col-md-6&Prime;][vc_single_image image=\u00a0\u00bb1310&Prime; img_size=\u00a0\u00bbfull\u00a0\u00bb alignment=\u00a0\u00bbcenter\u00a0\u00bb css=\u00a0\u00bb.vc_custom_1704741689716{margin-bottom: 0px !important;}\u00a0\u00bb][\/vc_column_inner][vc_column_inner el_class=\u00a0\u00bbpl-lg-5 pt-5 pt-lg-0 text-center d-center\u00a0\u00bb offset=\u00a0\u00bbvc_col-md-6&Prime;][vc_column_text]<\/p>\n<h3>Our Partners<\/h3>\n<p>[\/vc_column_text][vc_column_text css=\u00a0\u00bb.vc_custom_1704389182761{margin-bottom: 0px !important;}\u00a0\u00bb]New Path embraces relationships with agencies across Simcoe County to support children, youth, their families and caregivers in their mental wellness journey.[\/vc_column_text][\/vc_column_inner][\/vc_row_inner][\/vc_column][\/vc_row]<\/p>\n<\/div>","protected":false},"excerpt":{"rendered":"<p>[vc_row css=\u00a0\u00bb.vc_custom_1702653806412{background-image: url(https:\/\/newpath.ca\/wp-content\/uploads\/BG.jpg?id=28) !important;background-position: center !important;background-repeat: no-repeat !important;background-size: cover !important;}\u00a0\u00bb][vc_column el_class=\u00a0\u00bbwidth-container text-white text-center py-5 py-lg-6&Prime;][vc_row_inner][vc_column_inner offset=\u00a0\u00bbvc_col-md-offset-2 vc_col-md-8&Prime;][vc_column_text css=\u00a0\u00bb\u00a0\u00bb] Au sujet de notre conseil d\u2019administration [\/vc_column_text][vc_column_text css=\u00a0\u00bb.vc_custom_1766523271245{margin-bottom: 0px !important;}\u00a0\u00bb]Le conseil d\u2019administration de New Path est compos\u00e9&#8230;<\/p>\n","protected":false},"author":2,"featured_media":0,"parent":0,"menu_order":0,"comment_status":"closed","ping_status":"closed","template":"","meta":{"om_disable_all_campaigns":false,"_monsterinsights_skip_tracking":false,"_monsterinsights_sitenote_active":false,"_monsterinsights_sitenote_note":"","_monsterinsights_sitenote_category":0,"_uf_show_specific_survey":0,"_uf_disable_surveys":false,"site-sidebar-layout":"no-sidebar","site-content-layout":"plain-container","ast-site-content-layout":"full-width-container","site-content-style":"default","site-sidebar-style":"default","ast-global-header-display":"","ast-banner-title-visibility":"","ast-main-header-display":"","ast-hfb-above-header-display":"","ast-hfb-below-header-display":"","ast-hfb-mobile-header-display":"","site-post-title":"disabled","ast-breadcrumbs-content":"","ast-featured-img":"disabled","footer-sml-layout":"","ast-disable-related-posts":"","theme-transparent-header-meta":"default","adv-header-id-meta":"","stick-header-meta":"default","header-above-stick-meta":"","header-main-stick-meta":"","header-below-stick-meta":"","astra-migrate-meta-layouts":"set","ast-page-background-enabled":"default","ast-page-background-meta":{"desktop":{"background-color":"var(--ast-global-color-4)","background-image":"","background-repeat":"repeat","background-position":"center center","background-size":"auto","background-attachment":"scroll","background-type":"","background-media":"","overlay-type":"","overlay-color":"","overlay-opacity":"","overlay-gradient":""},"tablet":{"background-color":"","background-image":"","background-repeat":"repeat","background-position":"center center","background-size":"auto","background-attachment":"scroll","background-type":"","background-media":"","overlay-type":"","overlay-color":"","overlay-opacity":"","overlay-gradient":""},"mobile":{"background-color":"","background-image":"","background-repeat":"repeat","background-position":"center center","background-size":"auto","background-attachment":"scroll","background-type":"","background-media":"","overlay-type":"","overlay-color":"","overlay-opacity":"","overlay-gradient":""}},"ast-content-background-meta":{"desktop":{"background-color":"var(--ast-global-color-5)","background-image":"","background-repeat":"repeat","background-position":"center center","background-size":"auto","background-attachment":"scroll","background-type":"","background-media":"","overlay-type":"","overlay-color":"","overlay-opacity":"","overlay-gradient":""},"tablet":{"background-color":"var(--ast-global-color-5)","background-image":"","background-repeat":"repeat","background-position":"center center","background-size":"auto","background-attachment":"scroll","background-type":"","background-media":"","overlay-type":"","overlay-color":"","overlay-opacity":"","overlay-gradient":""},"mobile":{"background-color":"var(--ast-global-color-5)","background-image":"","background-repeat":"repeat","background-position":"center center","background-size":"auto","background-attachment":"scroll","background-type":"","background-media":"","overlay-type":"","overlay-color":"","overlay-opacity":"","overlay-gradient":""}},"footnotes":""},"class_list":["post-1148","page","type-page","status-publish","hentry"],"aioseo_notices":[],"_links":{"self":[{"href":"https:\/\/newpath.ca\/fr\/wp-json\/wp\/v2\/pages\/1148","targetHints":{"allow":["GET"]}}],"collection":[{"href":"https:\/\/newpath.ca\/fr\/wp-json\/wp\/v2\/pages"}],"about":[{"href":"https:\/\/newpath.ca\/fr\/wp-json\/wp\/v2\/types\/page"}],"author":[{"embeddable":true,"href":"https:\/\/newpath.ca\/fr\/wp-json\/wp\/v2\/users\/2"}],"replies":[{"embeddable":true,"href":"https:\/\/newpath.ca\/fr\/wp-json\/wp\/v2\/comments?post=1148"}],"version-history":[{"count":5,"href":"https:\/\/newpath.ca\/fr\/wp-json\/wp\/v2\/pages\/1148\/revisions"}],"predecessor-version":[{"id":5610,"href":"https:\/\/newpath.ca\/fr\/wp-json\/wp\/v2\/pages\/1148\/revisions\/5610"}],"wp:attachment":[{"href":"https:\/\/newpath.ca\/fr\/wp-json\/wp\/v2\/media?parent=1148"}],"curies":[{"name":"wp","href":"https:\/\/api.w.org\/{rel}","templated":true}]}}